{"id":2076,"date":"2025-09-18T13:10:56","date_gmt":"2025-09-18T20:10:56","guid":{"rendered":"https:\/\/sd41blogs.ca\/petrovskakostoskaj\/?page_id=2076"},"modified":"2025-10-28T19:11:39","modified_gmt":"2025-10-29T02:11:39","slug":"classical","status":"publish","type":"page","link":"https:\/\/sd41blogs.ca\/petrovskakostoskaj\/classical\/","title":{"rendered":"Classical"},"content":{"rendered":"<h1 class=\"style-scope ytd-watch-metadata\"><strong><span style=\"font-size: 12pt;\"><a href=\"https:\/\/www.youtube.com\/watch_popup?v=UETuJ2LXJWQ&amp;list=RDUETuJ2LXJWQ&amp;start_radio=1\">Claude Debussy &#8211; full album<\/a><\/span><\/strong><strong><span style=\"font-size: 12pt;\"><a href=\"https:\/\/www.youtube.com\/watch_popup?v=hNfpMRSCFPE\">Tchaikovsky: Piano Concerto No. 1, Op. 23<\/a><\/span><\/strong><\/h1>\n<h1 class=\"style-scope ytd-watch-metadata\"><a href=\"https:\/\/www.youtube.com\/watch_popup?v=rEEStLHQfxc&amp;list=RDrEEStLHQfxc&amp;start_radio=1\"><span style=\"font-size: 12pt;\">Beethoven &#8211; Moonlight Sonata Piano &amp; Orchestra<\/span><\/a><\/h1>\n<p><strong><a href=\"https:\/\/www.youtube.com\/watch_popup?v=e4d0LOuP4Uw&amp;list=RDe4d0LOuP4Uw&amp;start_radio=1\">Beethoven &#8211; F\u00fcr Elise | Piano &amp; Orchestra<\/a><\/strong><\/p>\n<h1 class=\"style-scope ytd-watch-metadata\"><a href=\"https:\/\/www.youtube.com\/watch_popup?v=3AIxf7CFToQ&amp;list=RD3AIxf7CFToQ&amp;start_radio=1\"><span style=\"font-size: 12pt;\">Fr\u00e9d\u00e9ric Chopin &#8211; All 21 Nocturnes |<\/span><\/a><\/h1>\n<h1 class=\"style-scope ytd-watch-metadata\"><a href=\"https:\/\/www.youtube.com\/watch_popup?v=quxTnEEETbo&amp;list=RDquxTnEEETbo&amp;start_radio=1\"><span style=\"font-size: 12pt;\">Mozart &#8211; Rondo Alla Turca<\/span><\/a><\/h1>\n<p><a href=\"https:\/\/www.youtube.com\/watch_popup?v=n3EiRynr1Us\">Beethoven<\/a><strong><a href=\"https:\/\/www.youtube.com\/watch_popup?v=n3EiRynr1Us\"> &#8211; 5th Symphony<\/a><\/strong><\/p>\n<h1 class=\"style-scope ytd-watch-metadata\"><a href=\"https:\/\/www.youtube.com\/watch_popup?v=e3nSvIiBNFo\"><span style=\"font-size: 12pt;\">Vivaldi, The Four Seasons, Spring (La Primavera), 1st movement<\/span><\/a><\/h1>\n<h1 class=\"style-scope ytd-watch-metadata\"><span style=\"font-size: 12pt;\"><strong><a href=\"https:\/\/www.youtube.com\/watch_popup?v=1elGqARTb1Q&amp;list=RD1elGqARTb1Q&amp;start_radio=1\">Pachelbel &#8211; Cannon in D on piano<\/a><\/strong><\/span><\/h1>\n<p><span style=\"font-size: 12pt;\"><strong><a href=\"https:\/\/www.youtube.com\/watch_popup?v=U5AO5G4VwNA&amp;list=RDU5AO5G4VwNA&amp;start_radio=1\">Pachelbel Canon in D strings<\/a><\/strong><\/span><\/p>\n<p><a href=\"https:\/\/www.youtube.com\/watch_popup?v=erXG9vnN-GI&amp;list=RDerXG9vnN-GI&amp;start_radio=1\"><span style=\"font-size: 12pt;\">J.S. Bach : Toccata and Fugue in D minor<\/span><\/a><\/p>\n<p>&nbsp;<\/p>\n","protected":false},"excerpt":{"rendered":"<p>Claude Debussy &#8211; full albumTchaikovsky: Piano Concerto No. 1, Op. 23 Beethoven &#8211; Moonlight Sonata Piano &amp; Orchestra Beethoven &#8211; F\u00fcr Elise | Piano &amp; Orchestra Fr\u00e9d\u00e9ric Chopin &#8211; All 21 Nocturnes | Mozart &#8211; Rondo Alla Turca Beethoven &#8211; 5th Symphony Vivaldi, The Four Seasons, Spring (La Primavera), 1st movement Pachelbel &#8211; Cannon in [&hellip;]<\/p>\n","protected":false},"author":9910,"featured_media":0,"parent":0,"menu_order":0,"comment_status":"closed","ping_status":"closed","template":"","meta":[],"_links":{"self":[{"href":"https:\/\/sd41blogs.ca\/petrovskakostoskaj\/wp-json\/wp\/v2\/pages\/2076"}],"collection":[{"href":"https:\/\/sd41blogs.ca\/petrovskakostoskaj\/wp-json\/wp\/v2\/pages"}],"about":[{"href":"https:\/\/sd41blogs.ca\/petrovskakostoskaj\/wp-json\/wp\/v2\/types\/page"}],"author":[{"embeddable":true,"href":"https:\/\/sd41blogs.ca\/petrovskakostoskaj\/wp-json\/wp\/v2\/users\/9910"}],"replies":[{"embeddable":true,"href":"https:\/\/sd41blogs.ca\/petrovskakostoskaj\/wp-json\/wp\/v2\/comments?post=2076"}],"version-history":[{"count":14,"href":"https:\/\/sd41blogs.ca\/petrovskakostoskaj\/wp-json\/wp\/v2\/pages\/2076\/revisions"}],"predecessor-version":[{"id":2226,"href":"https:\/\/sd41blogs.ca\/petrovskakostoskaj\/wp-json\/wp\/v2\/pages\/2076\/revisions\/2226"}],"wp:attachment":[{"href":"https:\/\/sd41blogs.ca\/petrovskakostoskaj\/wp-json\/wp\/v2\/media?parent=2076"}],"curies":[{"name":"wp","href":"https:\/\/api.w.org\/{rel}","templated":true}]}}