{"id":318,"date":"2020-05-01T10:25:39","date_gmt":"2020-05-01T17:25:39","guid":{"rendered":"http:\/\/sd41blogs.ca\/aquilaa\/?page_id=318"},"modified":"2023-01-17T13:50:17","modified_gmt":"2023-01-17T21:50:17","slug":"division-6","status":"publish","type":"page","link":"https:\/\/sd41blogs.ca\/aquilaa\/division-6\/","title":{"rendered":"Division 6"},"content":{"rendered":"<p><iframe loading=\"lazy\" title=\"Stress Explained - Elementary Edition (Le stress - \u00e9dition \u00e9l\u00e9mentaire)\" width=\"960\" height=\"540\" src=\"https:\/\/www.youtube.com\/embed\/k8FiAxAqqYE?feature=oembed\" frameborder=\"0\" allow=\"accelerometer; autoplay; clipboard-write; encrypted-media; gyroscope; picture-in-picture; web-share\" referrerpolicy=\"strict-origin-when-cross-origin\" allowfullscreen><\/iframe><\/p>\n<p>&nbsp;<\/p>\n<p>&nbsp;<\/p>\n<p>&nbsp;<\/p>\n<!--[if lt IE 9]><script>document.createElement('audio');<\/script><![endif]-->\n<audio class=\"wp-audio-shortcode\" id=\"audio-318-1\" preload=\"none\" style=\"width: 100%;\" controls=\"controls\"><source type=\"audio\/mpeg\" src=\"http:\/\/sd41blogs.ca\/aquilaa\/files\/2022\/11\/10Track10-One-Breath-Relaxation.mp3?_=1\" \/><a href=\"http:\/\/sd41blogs.ca\/aquilaa\/files\/2022\/11\/10Track10-One-Breath-Relaxation.mp3\">http:\/\/sd41blogs.ca\/aquilaa\/files\/2022\/11\/10Track10-One-Breath-Relaxation.mp3<\/a><\/audio>\n<p>One Breath Relaxation<\/p>\n<audio class=\"wp-audio-shortcode\" id=\"audio-318-2\" preload=\"none\" style=\"width: 100%;\" controls=\"controls\"><source type=\"audio\/mpeg\" src=\"http:\/\/sd41blogs.ca\/aquilaa\/files\/2022\/11\/09Track9-Quiet-Lake.mp3?_=2\" \/><a href=\"http:\/\/sd41blogs.ca\/aquilaa\/files\/2022\/11\/09Track9-Quiet-Lake.mp3\">http:\/\/sd41blogs.ca\/aquilaa\/files\/2022\/11\/09Track9-Quiet-Lake.mp3<\/a><\/audio>\n<p>Quiet Lake<\/p>\n<audio class=\"wp-audio-shortcode\" id=\"audio-318-3\" preload=\"none\" style=\"width: 100%;\" controls=\"controls\"><source type=\"audio\/mpeg\" src=\"http:\/\/sd41blogs.ca\/aquilaa\/files\/2022\/11\/08Track8-Muscle-Relaxation.mp3?_=3\" \/><a href=\"http:\/\/sd41blogs.ca\/aquilaa\/files\/2022\/11\/08Track8-Muscle-Relaxation.mp3\">http:\/\/sd41blogs.ca\/aquilaa\/files\/2022\/11\/08Track8-Muscle-Relaxation.mp3<\/a><\/audio>\n<p>Muscle Relaxation<\/p>\n<audio class=\"wp-audio-shortcode\" id=\"audio-318-4\" preload=\"none\" style=\"width: 100%;\" controls=\"controls\"><source type=\"audio\/mpeg\" src=\"http:\/\/sd41blogs.ca\/aquilaa\/files\/2022\/11\/11Track11-Finding-Joys-and-Highlights.mp3?_=4\" \/><a href=\"http:\/\/sd41blogs.ca\/aquilaa\/files\/2022\/11\/11Track11-Finding-Joys-and-Highlights.mp3\">http:\/\/sd41blogs.ca\/aquilaa\/files\/2022\/11\/11Track11-Finding-Joys-and-Highlights.mp3<\/a><\/audio>\n<p>Finding Joy and Highlights<\/p>\n<audio class=\"wp-audio-shortcode\" id=\"audio-318-5\" preload=\"none\" style=\"width: 100%;\" controls=\"controls\"><source type=\"audio\/mpeg\" src=\"http:\/\/sd41blogs.ca\/aquilaa\/files\/2023\/01\/06Track6-Changing-Channels.mp3?_=5\" \/><a href=\"http:\/\/sd41blogs.ca\/aquilaa\/files\/2023\/01\/06Track6-Changing-Channels.mp3\">http:\/\/sd41blogs.ca\/aquilaa\/files\/2023\/01\/06Track6-Changing-Channels.mp3<\/a><\/audio>\n<p>Changing Channels<\/p>\n<audio class=\"wp-audio-shortcode\" id=\"audio-318-6\" preload=\"none\" style=\"width: 100%;\" controls=\"controls\"><source type=\"audio\/mpeg\" src=\"http:\/\/sd41blogs.ca\/aquilaa\/files\/2023\/01\/05Track5-Umbalakiki.mp3?_=6\" \/><a href=\"http:\/\/sd41blogs.ca\/aquilaa\/files\/2023\/01\/05Track5-Umbalakiki.mp3\">http:\/\/sd41blogs.ca\/aquilaa\/files\/2023\/01\/05Track5-Umbalakiki.mp3<\/a><\/audio>\n<p>Tree-it &#8211; Umbalakiki<\/p>\n","protected":false},"excerpt":{"rendered":"<p>&nbsp; &nbsp; &nbsp; One Breath Relaxation Quiet Lake Muscle Relaxation Finding Joy and Highlights Changing Channels Tree-it &#8211; Umbalakiki<\/p>\n","protected":false},"author":10002,"featured_media":0,"parent":0,"menu_order":0,"comment_status":"closed","ping_status":"closed","template":"","meta":[],"_links":{"self":[{"href":"https:\/\/sd41blogs.ca\/aquilaa\/wp-json\/wp\/v2\/pages\/318"}],"collection":[{"href":"https:\/\/sd41blogs.ca\/aquilaa\/wp-json\/wp\/v2\/pages"}],"about":[{"href":"https:\/\/sd41blogs.ca\/aquilaa\/wp-json\/wp\/v2\/types\/page"}],"author":[{"embeddable":true,"href":"https:\/\/sd41blogs.ca\/aquilaa\/wp-json\/wp\/v2\/users\/10002"}],"replies":[{"embeddable":true,"href":"https:\/\/sd41blogs.ca\/aquilaa\/wp-json\/wp\/v2\/comments?post=318"}],"version-history":[{"count":6,"href":"https:\/\/sd41blogs.ca\/aquilaa\/wp-json\/wp\/v2\/pages\/318\/revisions"}],"predecessor-version":[{"id":545,"href":"https:\/\/sd41blogs.ca\/aquilaa\/wp-json\/wp\/v2\/pages\/318\/revisions\/545"}],"wp:attachment":[{"href":"https:\/\/sd41blogs.ca\/aquilaa\/wp-json\/wp\/v2\/media?parent=318"}],"curies":[{"name":"wp","href":"https:\/\/api.w.org\/{rel}","templated":true}]}}