{"id":9511,"date":"2019-01-10T15:02:16","date_gmt":"2019-01-10T23:02:16","guid":{"rendered":"http:\/\/sd41blogs.ca\/romaina\/?page_id=9511"},"modified":"2021-01-26T14:44:45","modified_gmt":"2021-01-26T22:44:45","slug":"notes-practice","status":"publish","type":"page","link":"http:\/\/sd41blogs.ca\/romaina\/french-8\/unit-2-mosaique\/notes-practice\/","title":{"rendered":"Notes &#038; Practice"},"content":{"rendered":"<p><a href=\"http:\/\/sd41blogs.ca\/romaina\/files\/2021\/01\/Un1-Jouer-\u00e0-Faire-de-and-Jouer-de-NOTES.pdf\">NOTES &#8211; Jouer \u00e0, Faire de &amp; Jouer de<\/a><\/p>\n<p><a href=\"http:\/\/sd41blogs.ca\/romaina\/files\/2021\/01\/Un1-Review-\u00eatre-avoir-er-verbs-faire-jouer-\u00e0-faire-de-jouer-de.pdf\">Review &#8211; \u00eatre, avoir, -er verbs, faire, jouer \u00e0, faire de, jouer de<\/a><\/p>\n<p><a href=\"http:\/\/sd41blogs.ca\/romaina\/files\/2021\/01\/Un1-Review-\u00eatre-avoir-er-verbs-faire-jouer-\u00e0-faire-de-jouer-de-R\u00e9ponses.pdf\">Review &#8211; \u00eatre, avoir, -er verbs, faire, jouer \u00e0, faire de, jouer de &#8211; R\u00e9ponses<\/a><\/p>\n","protected":false},"excerpt":{"rendered":"<p>NOTES &#8211; Jouer \u00e0, Faire de &amp; Jouer de Review &#8211; \u00eatre, avoir, -er verbs, faire, jouer \u00e0, faire de, jouer de Review &#8211; \u00eatre, avoir, -er verbs, faire, jouer \u00e0, faire de, jouer de &#8211; R\u00e9ponses<\/p>\n","protected":false},"author":103,"featured_media":0,"parent":167,"menu_order":0,"comment_status":"closed","ping_status":"closed","template":"","meta":[],"_links":{"self":[{"href":"http:\/\/sd41blogs.ca\/romaina\/wp-json\/wp\/v2\/pages\/9511"}],"collection":[{"href":"http:\/\/sd41blogs.ca\/romaina\/wp-json\/wp\/v2\/pages"}],"about":[{"href":"http:\/\/sd41blogs.ca\/romaina\/wp-json\/wp\/v2\/types\/page"}],"author":[{"embeddable":true,"href":"http:\/\/sd41blogs.ca\/romaina\/wp-json\/wp\/v2\/users\/103"}],"replies":[{"embeddable":true,"href":"http:\/\/sd41blogs.ca\/romaina\/wp-json\/wp\/v2\/comments?post=9511"}],"version-history":[{"count":4,"href":"http:\/\/sd41blogs.ca\/romaina\/wp-json\/wp\/v2\/pages\/9511\/revisions"}],"predecessor-version":[{"id":11448,"href":"http:\/\/sd41blogs.ca\/romaina\/wp-json\/wp\/v2\/pages\/9511\/revisions\/11448"}],"up":[{"embeddable":true,"href":"http:\/\/sd41blogs.ca\/romaina\/wp-json\/wp\/v2\/pages\/167"}],"wp:attachment":[{"href":"http:\/\/sd41blogs.ca\/romaina\/wp-json\/wp\/v2\/media?parent=9511"}],"curies":[{"name":"wp","href":"https:\/\/api.w.org\/{rel}","templated":true}]}}