{"id":7786,"date":"2017-05-11T11:05:09","date_gmt":"2017-05-11T18:05:09","guid":{"rendered":"http:\/\/sd41blogs.ca\/romaina\/?page_id=7786"},"modified":"2017-06-01T14:29:12","modified_gmt":"2017-06-01T21:29:12","slug":"dictees","status":"publish","type":"page","link":"http:\/\/sd41blogs.ca\/romaina\/french-11h\/unite-7\/dictees\/","title":{"rendered":"Dict\u00e9es"},"content":{"rendered":"<p>Unit\u00e9 7 Dict\u00e9e A \u00a0 \u00a0 \u00a0 \u00a0 \u00a0 \u00a0 \/25<\/p>\n<p>Moli\u00e8re, \u00a0\/ dont le vrai nom \u00a0\/ est Jean-Baptiste Poquelin, \u00a0\/ est le g\u00e9nie \u00a0\/ de la Com\u00e9die-Fran\u00e7aise. \/ D\u2019origine bourgeoise, \/ il a choisi la vie difficile \/ du th\u00e9\u00e2tre. \/ En 1665, \u00a0\/ il a obtenu \/ le soutien de Louis XIV \/ et est devenu \/ le premier acteur comique, \/ auteur et metteur en sc\u00e8ne \/ de France. \/ Apr\u00e8s une vie \/ riche en aventures, \/ il est mort apr\u00e8s une repr\u00e9sentation \/ du <em>Malade imaginaire<\/em>, \/ dans laquelle il tenait \/ le r\u00f4le principal. \/ Aujourd\u2019hui, ses pi\u00e8ces \/ sont toujours d\u2019actualit\u00e9 \/ et Moli\u00e8re reste \/ l\u2019auteur le plus jou\u00e9 en France.<\/p>\n<p><iframe loading=\"lazy\" width=\"640\" height=\"360\" src=\"https:\/\/www.youtube.com\/embed\/bfDmbrA9oXA?feature=oembed\" frameborder=\"0\" allowfullscreen><\/iframe><\/p>\n","protected":false},"excerpt":{"rendered":"<p>Unit\u00e9 7 Dict\u00e9e A \u00a0 \u00a0 \u00a0 \u00a0 \u00a0 \u00a0 \/25 Moli\u00e8re, \u00a0\/ dont le vrai nom \u00a0\/ est Jean-Baptiste Poquelin, \u00a0\/ est le g\u00e9nie \u00a0\/ de la Com\u00e9die-Fran\u00e7aise. \/ D\u2019origine bourgeoise, \/ il a choisi la vie difficile \/ &hellip; <a href=\"http:\/\/sd41blogs.ca\/romaina\/french-11h\/unite-7\/dictees\/\">Continue reading <span class=\"meta-nav\">&rarr;<\/span><\/a><\/p>\n","protected":false},"author":103,"featured_media":0,"parent":7784,"menu_order":0,"comment_status":"closed","ping_status":"closed","template":"","meta":[],"_links":{"self":[{"href":"http:\/\/sd41blogs.ca\/romaina\/wp-json\/wp\/v2\/pages\/7786"}],"collection":[{"href":"http:\/\/sd41blogs.ca\/romaina\/wp-json\/wp\/v2\/pages"}],"about":[{"href":"http:\/\/sd41blogs.ca\/romaina\/wp-json\/wp\/v2\/types\/page"}],"author":[{"embeddable":true,"href":"http:\/\/sd41blogs.ca\/romaina\/wp-json\/wp\/v2\/users\/103"}],"replies":[{"embeddable":true,"href":"http:\/\/sd41blogs.ca\/romaina\/wp-json\/wp\/v2\/comments?post=7786"}],"version-history":[{"count":4,"href":"http:\/\/sd41blogs.ca\/romaina\/wp-json\/wp\/v2\/pages\/7786\/revisions"}],"predecessor-version":[{"id":7914,"href":"http:\/\/sd41blogs.ca\/romaina\/wp-json\/wp\/v2\/pages\/7786\/revisions\/7914"}],"up":[{"embeddable":true,"href":"http:\/\/sd41blogs.ca\/romaina\/wp-json\/wp\/v2\/pages\/7784"}],"wp:attachment":[{"href":"http:\/\/sd41blogs.ca\/romaina\/wp-json\/wp\/v2\/media?parent=7786"}],"curies":[{"name":"wp","href":"https:\/\/api.w.org\/{rel}","templated":true}]}}