{"id":6845,"date":"2016-02-23T13:43:09","date_gmt":"2016-02-23T21:43:09","guid":{"rendered":"http:\/\/sd41blogs.ca\/romaina\/?page_id=6845"},"modified":"2026-02-20T11:22:53","modified_gmt":"2026-02-20T19:22:53","slug":"les-miserables","status":"publish","type":"page","link":"http:\/\/sd41blogs.ca\/romaina\/french-11h\/les-miserables\/","title":{"rendered":"Les Mis\u00e9rables"},"content":{"rendered":"<p><a href=\"http:\/\/sd41blogs.ca\/romaina\/files\/2024\/04\/Composition-Les-Miserables-themes-et-evaluation.pdf\">Composition &#8211; Les Mis\u00e9rables &#8211; th\u00e8mes et \u00e9valuation<\/a><\/p>\n<p><a href=\"http:\/\/sd41blogs.ca\/romaina\/files\/2026\/02\/Writing-essays-in-French.pdf\">Writing essays in French<\/a><\/p>\n","protected":false},"excerpt":{"rendered":"<p>Composition &#8211; Les Mis\u00e9rables &#8211; th\u00e8mes et \u00e9valuation Writing essays in French<\/p>\n","protected":false},"author":103,"featured_media":0,"parent":5380,"menu_order":0,"comment_status":"closed","ping_status":"closed","template":"","meta":[],"_links":{"self":[{"href":"http:\/\/sd41blogs.ca\/romaina\/wp-json\/wp\/v2\/pages\/6845"}],"collection":[{"href":"http:\/\/sd41blogs.ca\/romaina\/wp-json\/wp\/v2\/pages"}],"about":[{"href":"http:\/\/sd41blogs.ca\/romaina\/wp-json\/wp\/v2\/types\/page"}],"author":[{"embeddable":true,"href":"http:\/\/sd41blogs.ca\/romaina\/wp-json\/wp\/v2\/users\/103"}],"replies":[{"embeddable":true,"href":"http:\/\/sd41blogs.ca\/romaina\/wp-json\/wp\/v2\/comments?post=6845"}],"version-history":[{"count":7,"href":"http:\/\/sd41blogs.ca\/romaina\/wp-json\/wp\/v2\/pages\/6845\/revisions"}],"predecessor-version":[{"id":18014,"href":"http:\/\/sd41blogs.ca\/romaina\/wp-json\/wp\/v2\/pages\/6845\/revisions\/18014"}],"up":[{"embeddable":true,"href":"http:\/\/sd41blogs.ca\/romaina\/wp-json\/wp\/v2\/pages\/5380"}],"wp:attachment":[{"href":"http:\/\/sd41blogs.ca\/romaina\/wp-json\/wp\/v2\/media?parent=6845"}],"curies":[{"name":"wp","href":"https:\/\/api.w.org\/{rel}","templated":true}]}}