{"id":667,"date":"2011-05-31T21:00:13","date_gmt":"2011-06-01T04:00:13","guid":{"rendered":"http:\/\/10.155.6.59\/romaina\/"},"modified":"2022-01-14T14:38:19","modified_gmt":"2022-01-14T22:38:19","slug":"phenomenes-canadiens-review","status":"publish","type":"page","link":"http:\/\/sd41blogs.ca\/romaina\/french-8\/unit-5-phenomenes-canadiens\/phenomenes-canadiens-review\/","title":{"rendered":"Ph\u00e9nom\u00e8nes Canadiens Review"},"content":{"rendered":"<p><a href=\"http:\/\/sd41blogs.ca\/romaina\/files\/2022\/01\/Un4-Lec14-Review-Activity.pdf\">Ph\u00e9nom\u00e8nes Canadiens Review Package<\/a><\/p>\n<p><a href=\"http:\/\/sd41blogs.ca\/romaina\/files\/2022\/01\/Un4-Lec14-Review-Activity-Answers.pdf\">Ph\u00e9nom\u00e8nes Canadiens Review Package &#8211; Answers<\/a><\/p>\n","protected":false},"excerpt":{"rendered":"<p>Ph\u00e9nom\u00e8nes Canadiens Review Package Ph\u00e9nom\u00e8nes Canadiens Review Package &#8211; Answers<\/p>\n","protected":false},"author":103,"featured_media":0,"parent":175,"menu_order":0,"comment_status":"open","ping_status":"closed","template":"","meta":[],"_links":{"self":[{"href":"http:\/\/sd41blogs.ca\/romaina\/wp-json\/wp\/v2\/pages\/667"}],"collection":[{"href":"http:\/\/sd41blogs.ca\/romaina\/wp-json\/wp\/v2\/pages"}],"about":[{"href":"http:\/\/sd41blogs.ca\/romaina\/wp-json\/wp\/v2\/types\/page"}],"author":[{"embeddable":true,"href":"http:\/\/sd41blogs.ca\/romaina\/wp-json\/wp\/v2\/users\/103"}],"replies":[{"embeddable":true,"href":"http:\/\/sd41blogs.ca\/romaina\/wp-json\/wp\/v2\/comments?post=667"}],"version-history":[{"count":11,"href":"http:\/\/sd41blogs.ca\/romaina\/wp-json\/wp\/v2\/pages\/667\/revisions"}],"predecessor-version":[{"id":12283,"href":"http:\/\/sd41blogs.ca\/romaina\/wp-json\/wp\/v2\/pages\/667\/revisions\/12283"}],"up":[{"embeddable":true,"href":"http:\/\/sd41blogs.ca\/romaina\/wp-json\/wp\/v2\/pages\/175"}],"wp:attachment":[{"href":"http:\/\/sd41blogs.ca\/romaina\/wp-json\/wp\/v2\/media?parent=667"}],"curies":[{"name":"wp","href":"https:\/\/api.w.org\/{rel}","templated":true}]}}