{"id":5932,"date":"2015-02-20T14:40:14","date_gmt":"2015-02-20T22:40:14","guid":{"rendered":"http:\/\/sd41blogs.ca\/romaina\/?page_id=5932"},"modified":"2025-05-02T11:26:00","modified_gmt":"2025-05-02T18:26:00","slug":"dictees","status":"publish","type":"page","link":"http:\/\/sd41blogs.ca\/romaina\/french-11h\/unite-5\/dictees\/","title":{"rendered":"Dict\u00e9es"},"content":{"rendered":"<p><strong>D\u2019Accord 2<\/strong><strong>\u00a0<\/strong><strong>Un5 Dict\u00e9e A \u00a0 \u00a0 \u00a0 \u00a0\/24<\/strong><\/p>\n<p>Cette ann\u00e9e \/ je voulais \/ trouver un travail \/ dans le domaine des sciences, \/ mais c\u2019\u00e9tait tr\u00e8s difficile \/ car personne ne voulait \/ \u00a0m\u2019embaucher. \/ J\u2019ai cr\u00e9\u00e9 un curriculum vitae \/ et j\u2019ai obtenu \/ une lettre de recommandation, \/ mais tout le monde \/ voulait plus \/ d\u2019exp\u00e9rience professionnelle. \/Un jour, je lisais les annonces \/ \u00a0et il y avait un poste \/ \u00e0 une compagnie \/ que je connaissais. \/ Quand je leur ai t\u00e9l\u00e9phon\u00e9, \/ \u00a0je me suis rendu compte \/ que c\u2019\u00e9tait seulement un stage. \/ Dommage! \/ Peut-\u00eatre j\u2019aurais \/ plus de chance\/ l\u2019ann\u00e9e prochaine.<\/p>\n<p><iframe loading=\"lazy\" title=\"Un5 Dicte\u0301e A\" width=\"640\" height=\"360\" src=\"https:\/\/www.youtube.com\/embed\/QQ8d92OxE6c?feature=oembed\" frameborder=\"0\" allow=\"accelerometer; autoplay; clipboard-write; encrypted-media; gyroscope; picture-in-picture; web-share\" referrerpolicy=\"strict-origin-when-cross-origin\" allowfullscreen><\/iframe><\/p>\n<p><strong>D\u2019Accord 2<\/strong><strong>\u00a0<\/strong><strong>Un5 Dict\u00e9e B \u00a0 \u00a0 \u00a0 \u00a0\/23<\/strong><\/p>\n<p>Quand j\u2019avais 7 ans, \/ je voulais \u00eatre pompier. \/\u00a0 L\u2019ann\u00e9e apr\u00e8s,\/ je pensais que \/je voulais \u00eatre v\u00e9t\u00e9rinaire. \/\u00a0 Malheureusement, \/ j\u2019ai appris que \/ j\u2019\u00e9tais allergique aux chiens. \/ Finalement \u00e0 l\u2019\u00e9cole secondaire, \/ j\u2019ai d\u00e9couvert \/ que la carri\u00e8re pour moi \/ \u00e9tait d\u2019\u00eatre homme politique. \/ Si je trouvais \/ un emploi \u00e0 mi-temps \/ pendant l\u2019\u00e9cole, \/ je pourrais sauver \/ de l\u2019argent pour aller \u00e0 l\u2019universit\u00e9. \/ C\u2019est la carri\u00e8re dont \/ je r\u00eavais tous les jours. \/ En plus, si je travaillais \/ tr\u00e8s fort \u00e0 l\u2019\u00e9cole, \/ peut-\u00eatre je pourrais gagner \/ de l\u2019argent pour l\u2019universit\u00e9!<\/p>\n<p><iframe loading=\"lazy\" title=\"Un5 Dict\u00e9e B\" width=\"640\" height=\"360\" src=\"https:\/\/www.youtube.com\/embed\/b7inPszahs0?feature=oembed\" frameborder=\"0\" allow=\"accelerometer; autoplay; clipboard-write; encrypted-media; gyroscope; picture-in-picture; web-share\" referrerpolicy=\"strict-origin-when-cross-origin\" allowfullscreen><\/iframe><\/p>\n","protected":false},"excerpt":{"rendered":"<p>D\u2019Accord 2\u00a0Un5 Dict\u00e9e A \u00a0 \u00a0 \u00a0 \u00a0\/24 Cette ann\u00e9e \/ je voulais \/ trouver un travail \/ dans le domaine des sciences, \/ mais c\u2019\u00e9tait tr\u00e8s difficile \/ car personne ne voulait \/ \u00a0m\u2019embaucher. \/ J\u2019ai cr\u00e9\u00e9 un curriculum &hellip; <a href=\"http:\/\/sd41blogs.ca\/romaina\/french-11h\/unite-5\/dictees\/\">Continue reading <span class=\"meta-nav\">&rarr;<\/span><\/a><\/p>\n","protected":false},"author":103,"featured_media":0,"parent":5934,"menu_order":0,"comment_status":"open","ping_status":"closed","template":"","meta":[],"_links":{"self":[{"href":"http:\/\/sd41blogs.ca\/romaina\/wp-json\/wp\/v2\/pages\/5932"}],"collection":[{"href":"http:\/\/sd41blogs.ca\/romaina\/wp-json\/wp\/v2\/pages"}],"about":[{"href":"http:\/\/sd41blogs.ca\/romaina\/wp-json\/wp\/v2\/types\/page"}],"author":[{"embeddable":true,"href":"http:\/\/sd41blogs.ca\/romaina\/wp-json\/wp\/v2\/users\/103"}],"replies":[{"embeddable":true,"href":"http:\/\/sd41blogs.ca\/romaina\/wp-json\/wp\/v2\/comments?post=5932"}],"version-history":[{"count":16,"href":"http:\/\/sd41blogs.ca\/romaina\/wp-json\/wp\/v2\/pages\/5932\/revisions"}],"predecessor-version":[{"id":16832,"href":"http:\/\/sd41blogs.ca\/romaina\/wp-json\/wp\/v2\/pages\/5932\/revisions\/16832"}],"up":[{"embeddable":true,"href":"http:\/\/sd41blogs.ca\/romaina\/wp-json\/wp\/v2\/pages\/5934"}],"wp:attachment":[{"href":"http:\/\/sd41blogs.ca\/romaina\/wp-json\/wp\/v2\/media?parent=5932"}],"curies":[{"name":"wp","href":"https:\/\/api.w.org\/{rel}","templated":true}]}}