{"id":5414,"date":"2014-09-29T11:13:47","date_gmt":"2014-09-29T18:13:47","guid":{"rendered":"http:\/\/sd41blogs.ca\/romaina\/?page_id=5414"},"modified":"2022-10-06T11:17:39","modified_gmt":"2022-10-06T18:17:39","slug":"dictees","status":"publish","type":"page","link":"http:\/\/sd41blogs.ca\/romaina\/french-11h\/unite-3\/dictees\/","title":{"rendered":"Dict\u00e9es"},"content":{"rendered":"<p><strong>D\u2019Accord 2<\/strong><strong> Un3 Dict\u00e9e A \u00a0 \u00a0 \u00a0 \u00a0\/19<\/strong><\/p>\n<p>Mes grands-parents \/ sont vieux, \/ mais ils essaient toujours \/d\u2019utiliser la technologie. \/ Bien s\u00fbr, \/ ils ont une t\u00e9l\u00e9vision, \/ un ordinateur avec \/un grand \u00e9cran \/ et m\u00eame un portable! \/ Ils savent bien \/ allumer et \u00e9teindre l\u2019ordinateur, \/ mais ils oublient souvent \/ leur mot de passe \/ et je dois les aider! \/ Un jour je les enseignerai \/ \u00e0 t\u00e9l\u00e9charger les documents, \/ mais premi\u00e8rement, \/ ils doivent apprendre \/ \u00e0 envoyer un e-mail!<\/p>\n<p><iframe loading=\"lazy\" title=\"YouTube video player\" src=\"https:\/\/www.youtube.com\/embed\/OaHrF9XUnls\" width=\"560\" height=\"315\" frameborder=\"0\" allowfullscreen=\"allowfullscreen\"><\/iframe><\/p>\n<p><strong>D\u2019Accord 2<\/strong><strong> Un3 Dict\u00e9e B<\/strong> \u00a0 \u00a0 \u00a0 \u00a0 \u00a0 \u00a0 \u00a0 \u00a0 \u00a0 \u00a0 \u00a0 \u00a0 \u00a0 \u00a0 \u00a0 \u00a0 \u00a0 \u00a0 \u00a0 \u00a0\/25<\/p>\n<p>Cette fin de semaine, \/ Manon et Oc\u00e9ane ont eu \/ plusieurs probl\u00e8mes \/ de voiture. \/ Premi\u00e8rement, elles \u00e9taient sur l\u2019autoroute \/ quand elles se sont \/ rendu compte \/ qu\u2019elles avaient \/ un pneu crev\u00e9. \/ Apr\u00e8s avoir install\u00e9 \/\u00a0 la roue de secours, \/ elles ont continu\u00e9, \/ mais apr\u00e8s seulement \/ quelques kilom\u00e8tres, \/ elles ont remarqu\u00e9 \/ le voyant d\u2019essence! \/ Elles ont d\u00fb arr\u00eater \/ \u00e0 une station-service. \/ Ensuite, le pire probl\u00e8me \/ \u00e9tait qu\u2019elles ont oubli\u00e9 \/d\u2019attacher les ceintures \/ et un policier \/ leur a donn\u00e9 \/ une amende! \/ Quelle journ\u00e9e horrible!<\/p>\n<p><iframe loading=\"lazy\" title=\"Un3 Dict\u00e9e B\" width=\"640\" height=\"360\" src=\"https:\/\/www.youtube.com\/embed\/JPH9VRAvHdg?feature=oembed\" frameborder=\"0\" allow=\"accelerometer; autoplay; clipboard-write; encrypted-media; gyroscope; picture-in-picture\" allowfullscreen><\/iframe><\/p>\n","protected":false},"excerpt":{"rendered":"<p>D\u2019Accord 2 Un3 Dict\u00e9e A \u00a0 \u00a0 \u00a0 \u00a0\/19 Mes grands-parents \/ sont vieux, \/ mais ils essaient toujours \/d\u2019utiliser la technologie. \/ Bien s\u00fbr, \/ ils ont une t\u00e9l\u00e9vision, \/ un ordinateur avec \/un grand \u00e9cran \/ et m\u00eame &hellip; <a href=\"http:\/\/sd41blogs.ca\/romaina\/french-11h\/unite-3\/dictees\/\">Continue reading <span class=\"meta-nav\">&rarr;<\/span><\/a><\/p>\n","protected":false},"author":103,"featured_media":0,"parent":5412,"menu_order":0,"comment_status":"open","ping_status":"closed","template":"","meta":[],"_links":{"self":[{"href":"http:\/\/sd41blogs.ca\/romaina\/wp-json\/wp\/v2\/pages\/5414"}],"collection":[{"href":"http:\/\/sd41blogs.ca\/romaina\/wp-json\/wp\/v2\/pages"}],"about":[{"href":"http:\/\/sd41blogs.ca\/romaina\/wp-json\/wp\/v2\/types\/page"}],"author":[{"embeddable":true,"href":"http:\/\/sd41blogs.ca\/romaina\/wp-json\/wp\/v2\/users\/103"}],"replies":[{"embeddable":true,"href":"http:\/\/sd41blogs.ca\/romaina\/wp-json\/wp\/v2\/comments?post=5414"}],"version-history":[{"count":12,"href":"http:\/\/sd41blogs.ca\/romaina\/wp-json\/wp\/v2\/pages\/5414\/revisions"}],"predecessor-version":[{"id":13149,"href":"http:\/\/sd41blogs.ca\/romaina\/wp-json\/wp\/v2\/pages\/5414\/revisions\/13149"}],"up":[{"embeddable":true,"href":"http:\/\/sd41blogs.ca\/romaina\/wp-json\/wp\/v2\/pages\/5412"}],"wp:attachment":[{"href":"http:\/\/sd41blogs.ca\/romaina\/wp-json\/wp\/v2\/media?parent=5414"}],"curies":[{"name":"wp","href":"https:\/\/api.w.org\/{rel}","templated":true}]}}