{"id":5212,"date":"2014-05-05T11:44:40","date_gmt":"2014-05-05T18:44:40","guid":{"rendered":"http:\/\/sd41blogs.ca\/romaina\/?page_id=5212"},"modified":"2023-05-01T15:44:45","modified_gmt":"2023-05-01T22:44:45","slug":"dictees","status":"publish","type":"page","link":"http:\/\/sd41blogs.ca\/romaina\/french-10-honours\/unite-2\/dictees\/","title":{"rendered":"Dict\u00e9es"},"content":{"rendered":"<p style=\"color: #333333;\"><strong>D\u2019Accord 2 Un2 Dict\u00e9e A<\/strong><strong>\u00a0 \u00a0 \u00a0 \u00a0 \u00a0 \/22<\/strong><\/p>\n<p style=\"color: #333333;\">Ce matin, \/ Alexandre n\u2019entend pas \/ son r\u00e9veil. \/ Quand il se l\u00e8ve, \/ il met d\u2019abord \/ le pied gauche par terre. \/ Il entre dans la salle de bains. \/ L\u00e0, il ne trouve pas \/ le peigne pour se coiffer, \/ ni le dentifrice \/ pour se brosser les dents! \/ Il se regarde \/ dans le miroir. \/ Ses yeux \/ sont tout rouges. \/ Il retourne ensuite \/ dans sa chambre \/ pour s\u2019habiller. \/ Puis, il descend les escaliers \/ et tombe. \/ Quel mauvais \/ d\u00e9but de journ\u00e9e!<\/p>\n<p>&nbsp;<\/p>\n<p><iframe loading=\"lazy\" title=\"Un2 Dict\u00e9e A\" width=\"640\" height=\"360\" src=\"https:\/\/www.youtube.com\/embed\/de36hg1aS2I?feature=oembed\" frameborder=\"0\" allow=\"accelerometer; autoplay; clipboard-write; encrypted-media; gyroscope; picture-in-picture; web-share\" allowfullscreen><\/iframe><\/p>\n<p>&nbsp;<\/p>\n<p align=\"center\"><strong>D\u2019Accord 2<\/strong><strong>\u00a0Un2 Dict\u00e9e B\u00a0 \u00a0 \u00a0 \u00a0 \u00a0 \/27<\/strong><\/p>\n<p>Quand mon fr\u00e8re \/ \u00e9tait petit, \/ il \u00e9tait un hypocondriaque. \/ Chaque jour \/ il y avait \/ un probl\u00e8me diff\u00e9rent. \/ Souvent il avait \/ mal \u00e0 la t\u00eate, \/ autrefois il avait \/ mal au ventre, \/ ou avait de la fi\u00e8vre. \/ Ma s\u0153ur, \/ elle n\u2019\u00e9tait jamais malade, \/ mais elle \u00e9tait maladroite. \/ Une fois, \/ elle est tomb\u00e9e \/ sur l\u2019escalier \/ et elle s\u2019est foul\u00e9 \/ la cheville. \/ Plusieurs fois \/ elle s\u2019est coup\u00e9e \/ quand elle pr\u00e9parait les salades \/ et elle s\u2019est m\u00eame br\u00fbl\u00e9e \/ en cuisinant des biscuits. \/ Moi, je n\u2019\u00e9tais jamais malade, \/ ni maladroit, \/ j\u2019\u00e9tais un enfant parfait!<\/p>\n<p><iframe loading=\"lazy\" title=\"Un2 -  Dicte\u0301e B\" width=\"640\" height=\"360\" src=\"https:\/\/www.youtube.com\/embed\/BJeog6yUkc8?feature=oembed\" frameborder=\"0\" allow=\"accelerometer; autoplay; clipboard-write; encrypted-media; gyroscope; picture-in-picture; web-share\" allowfullscreen><\/iframe><\/p>\n","protected":false},"excerpt":{"rendered":"<p>D\u2019Accord 2 Un2 Dict\u00e9e A\u00a0 \u00a0 \u00a0 \u00a0 \u00a0 \/22 Ce matin, \/ Alexandre n\u2019entend pas \/ son r\u00e9veil. \/ Quand il se l\u00e8ve, \/ il met d\u2019abord \/ le pied gauche par terre. \/ Il entre dans la salle &hellip; <a href=\"http:\/\/sd41blogs.ca\/romaina\/french-10-honours\/unite-2\/dictees\/\">Continue reading <span class=\"meta-nav\">&rarr;<\/span><\/a><\/p>\n","protected":false},"author":103,"featured_media":0,"parent":5209,"menu_order":0,"comment_status":"open","ping_status":"closed","template":"","meta":[],"_links":{"self":[{"href":"http:\/\/sd41blogs.ca\/romaina\/wp-json\/wp\/v2\/pages\/5212"}],"collection":[{"href":"http:\/\/sd41blogs.ca\/romaina\/wp-json\/wp\/v2\/pages"}],"about":[{"href":"http:\/\/sd41blogs.ca\/romaina\/wp-json\/wp\/v2\/types\/page"}],"author":[{"embeddable":true,"href":"http:\/\/sd41blogs.ca\/romaina\/wp-json\/wp\/v2\/users\/103"}],"replies":[{"embeddable":true,"href":"http:\/\/sd41blogs.ca\/romaina\/wp-json\/wp\/v2\/comments?post=5212"}],"version-history":[{"count":7,"href":"http:\/\/sd41blogs.ca\/romaina\/wp-json\/wp\/v2\/pages\/5212\/revisions"}],"predecessor-version":[{"id":14076,"href":"http:\/\/sd41blogs.ca\/romaina\/wp-json\/wp\/v2\/pages\/5212\/revisions\/14076"}],"up":[{"embeddable":true,"href":"http:\/\/sd41blogs.ca\/romaina\/wp-json\/wp\/v2\/pages\/5209"}],"wp:attachment":[{"href":"http:\/\/sd41blogs.ca\/romaina\/wp-json\/wp\/v2\/media?parent=5212"}],"curies":[{"name":"wp","href":"https:\/\/api.w.org\/{rel}","templated":true}]}}