{"id":5088,"date":"2014-04-08T11:24:37","date_gmt":"2014-04-08T18:24:37","guid":{"rendered":"http:\/\/sd41blogs.ca\/romaina\/?page_id=5088"},"modified":"2026-02-11T15:11:46","modified_gmt":"2026-02-11T23:11:46","slug":"pronouns","status":"publish","type":"page","link":"http:\/\/sd41blogs.ca\/romaina\/french-10-honours\/pronouns\/","title":{"rendered":"Pronouns"},"content":{"rendered":"<p><a href=\"http:\/\/sd41blogs.ca\/romaina\/files\/2026\/02\/Les-Pronoms-with-blanks.pdf\">Les Pronoms Notes<\/a>\u00a0(the PPT)<\/p>\n<p><a href=\"http:\/\/sd41blogs.ca\/romaina\/files\/2025\/09\/Les-Pronoms-Directs-Activites.pdf\">Les Pronoms Directs &#8211; Activit\u00e9s<\/a> &amp; <a href=\"http:\/\/sd41blogs.ca\/romaina\/files\/2025\/09\/Les-Pronoms-Directs-Activites-Reponses.pdf\">Les Pronoms Directs &#8211; Activit\u00e9s &#8211; R\u00e9ponses<\/a><\/p>\n<p><a href=\"http:\/\/sd41blogs.ca\/romaina\/files\/2020\/09\/Les-Pronoms-Indirects-\u2013-Activit\u00e9s.pdf\">Les Pronoms Indirects \u2013 Activit\u00e9s<\/a>\u00a0&amp; <a href=\"http:\/\/sd41blogs.ca\/romaina\/files\/2020\/09\/Les-Pronoms-Indirects-\u2013-Activit\u00e9s-R\u00e9ponses.pdf\">Les Pronoms Indirects \u2013 Activit\u00e9s &#8211; R\u00e9ponses<\/a><\/p>\n<p><a href=\"http:\/\/sd41blogs.ca\/romaina\/files\/2020\/10\/Pronom-Y-Activit\u00e9s.pdf\">Pronom Y &#8211; Activit\u00e9s<\/a>\u00a0&amp; <a href=\"http:\/\/sd41blogs.ca\/romaina\/files\/2020\/10\/Pronom-Y-Activit\u00e9s-R\u00e9ponses.pdf\">Pronom Y &#8211; Activit\u00e9s &#8211; R\u00e9ponses<\/a><\/p>\n<p><a href=\"http:\/\/sd41blogs.ca\/romaina\/files\/2020\/10\/Le-Pronom-EN-\u2013-Activit\u00e9s.pdf\">Le Pronom EN \u2013 Activit\u00e9s<\/a>\u00a0&amp; <a href=\"http:\/\/sd41blogs.ca\/romaina\/files\/2020\/10\/Le-Pronom-EN-\u2013-Activit\u00e9s-R\u00e9ponses.pdf\">Le Pronom EN \u2013 Activit\u00e9s &#8211; R\u00e9ponses<\/a><\/p>\n<p><a href=\"http:\/\/sd41blogs.ca\/romaina\/french-10-honours\/pronouns\/un2b-pronouns-ws\/\" rel=\"attachment wp-att-6921\">All Pronouns WS<\/a>\u00a0&amp; <a href=\"http:\/\/sd41blogs.ca\/romaina\/files\/2020\/10\/Pronouns-WS-R\u00e9ponses.pdf\">Pronouns WS &#8211; R\u00e9ponses<\/a><\/p>\n<p><a href=\"http:\/\/sd41blogs.ca\/romaina\/files\/2020\/10\/Fren11-Ordre-des-pronoms-Activit\u00e9s.pdf\">Ordre des pronoms &#8211; Activit\u00e9s<\/a>\u00a0&amp; <a href=\"http:\/\/sd41blogs.ca\/romaina\/files\/2020\/10\/Fren11-Ordre-des-pronoms-Activit\u00e9s-R\u00e9ponses.pdf\">Ordre des pronoms &#8211; Activit\u00e9s &#8211; R\u00e9ponses<\/a><\/p>\n<p>&nbsp;<\/p>\n","protected":false},"excerpt":{"rendered":"<p>Les Pronoms Notes\u00a0(the PPT) Les Pronoms Directs &#8211; Activit\u00e9s &amp; Les Pronoms Directs &#8211; Activit\u00e9s &#8211; R\u00e9ponses Les Pronoms Indirects \u2013 Activit\u00e9s\u00a0&amp; Les Pronoms Indirects \u2013 Activit\u00e9s &#8211; R\u00e9ponses Pronom Y &#8211; Activit\u00e9s\u00a0&amp; Pronom Y &#8211; Activit\u00e9s &#8211; R\u00e9ponses Le &hellip; <a href=\"http:\/\/sd41blogs.ca\/romaina\/french-10-honours\/pronouns\/\">Continue reading <span class=\"meta-nav\">&rarr;<\/span><\/a><\/p>\n","protected":false},"author":103,"featured_media":0,"parent":14,"menu_order":0,"comment_status":"open","ping_status":"closed","template":"","meta":[],"_links":{"self":[{"href":"http:\/\/sd41blogs.ca\/romaina\/wp-json\/wp\/v2\/pages\/5088"}],"collection":[{"href":"http:\/\/sd41blogs.ca\/romaina\/wp-json\/wp\/v2\/pages"}],"about":[{"href":"http:\/\/sd41blogs.ca\/romaina\/wp-json\/wp\/v2\/types\/page"}],"author":[{"embeddable":true,"href":"http:\/\/sd41blogs.ca\/romaina\/wp-json\/wp\/v2\/users\/103"}],"replies":[{"embeddable":true,"href":"http:\/\/sd41blogs.ca\/romaina\/wp-json\/wp\/v2\/comments?post=5088"}],"version-history":[{"count":22,"href":"http:\/\/sd41blogs.ca\/romaina\/wp-json\/wp\/v2\/pages\/5088\/revisions"}],"predecessor-version":[{"id":17956,"href":"http:\/\/sd41blogs.ca\/romaina\/wp-json\/wp\/v2\/pages\/5088\/revisions\/17956"}],"up":[{"embeddable":true,"href":"http:\/\/sd41blogs.ca\/romaina\/wp-json\/wp\/v2\/pages\/14"}],"wp:attachment":[{"href":"http:\/\/sd41blogs.ca\/romaina\/wp-json\/wp\/v2\/media?parent=5088"}],"curies":[{"name":"wp","href":"https:\/\/api.w.org\/{rel}","templated":true}]}}