{"id":501,"date":"2011-04-19T09:15:57","date_gmt":"2011-04-19T16:15:57","guid":{"rendered":"http:\/\/10.155.6.59\/romaina\/"},"modified":"2021-12-16T09:05:36","modified_gmt":"2021-12-16T17:05:36","slug":"tache-finale","status":"publish","type":"page","link":"http:\/\/sd41blogs.ca\/romaina\/french-8\/unit-5-phenomenes-canadiens\/tache-finale\/","title":{"rendered":"T\u00e2che Finale (Pr\u00e9sentation)"},"content":{"rendered":"<p><a href=\"http:\/\/sd41blogs.ca\/romaina\/files\/2021\/12\/Un4-Lec7-Presentations-eval.pdf\">Ph\u00e9nom\u00e8nes Canadiens &#8211; Pr\u00e9sentations &#8211; \u00e9val<\/a><\/p>\n","protected":false},"excerpt":{"rendered":"<p>Ph\u00e9nom\u00e8nes Canadiens &#8211; Pr\u00e9sentations &#8211; \u00e9val<\/p>\n","protected":false},"author":103,"featured_media":0,"parent":175,"menu_order":0,"comment_status":"open","ping_status":"closed","template":"","meta":[],"_links":{"self":[{"href":"http:\/\/sd41blogs.ca\/romaina\/wp-json\/wp\/v2\/pages\/501"}],"collection":[{"href":"http:\/\/sd41blogs.ca\/romaina\/wp-json\/wp\/v2\/pages"}],"about":[{"href":"http:\/\/sd41blogs.ca\/romaina\/wp-json\/wp\/v2\/types\/page"}],"author":[{"embeddable":true,"href":"http:\/\/sd41blogs.ca\/romaina\/wp-json\/wp\/v2\/users\/103"}],"replies":[{"embeddable":true,"href":"http:\/\/sd41blogs.ca\/romaina\/wp-json\/wp\/v2\/comments?post=501"}],"version-history":[{"count":7,"href":"http:\/\/sd41blogs.ca\/romaina\/wp-json\/wp\/v2\/pages\/501\/revisions"}],"predecessor-version":[{"id":12234,"href":"http:\/\/sd41blogs.ca\/romaina\/wp-json\/wp\/v2\/pages\/501\/revisions\/12234"}],"up":[{"embeddable":true,"href":"http:\/\/sd41blogs.ca\/romaina\/wp-json\/wp\/v2\/pages\/175"}],"wp:attachment":[{"href":"http:\/\/sd41blogs.ca\/romaina\/wp-json\/wp\/v2\/media?parent=501"}],"curies":[{"name":"wp","href":"https:\/\/api.w.org\/{rel}","templated":true}]}}