{"id":437,"date":"2011-03-11T09:46:52","date_gmt":"2011-03-11T17:46:52","guid":{"rendered":"http:\/\/10.155.6.59\/romaina\/"},"modified":"2023-04-11T11:28:16","modified_gmt":"2023-04-11T18:28:16","slug":"restaurant-presentation-evaluation","status":"publish","type":"page","link":"http:\/\/sd41blogs.ca\/romaina\/french-8\/unit-3-entrepreneurs-en-herbe\/restaurant-presentation-evaluation\/","title":{"rendered":"Restaurant Presentation Criteria &#038; Evaluation"},"content":{"rendered":"<p><a href=\"http:\/\/sd41blogs.ca\/romaina\/files\/2023\/04\/Un2a-Lec6-Restaurant-Presentation-Checklist-Notre-Recette-secrete-et-notre-menu.pdf\" target=\"_blank\" rel=\"noopener\">Checklist\/Criteria &#8211; Recette secr\u00e8te &amp; menu<\/a><\/p>\n<p><a href=\"http:\/\/sd41blogs.ca\/romaina\/files\/2021\/01\/Un2a-Le-Gros-L\u00e9gume-Le-menu.pdf\">Sample menu &amp; recette secr\u00e8te &#8211; Le Gros L\u00e9gume<\/a><\/p>\n<p><a href=\"http:\/\/sd41blogs.ca\/romaina\/files\/2021\/06\/Un2a-Lec15-Restaurant-presentations-eval-sheet.pdf\">Restaurant presentations &#8211; evaluation sheet<\/a><\/p>\n","protected":false},"excerpt":{"rendered":"<p>Checklist\/Criteria &#8211; Recette secr\u00e8te &amp; menu Sample menu &amp; recette secr\u00e8te &#8211; Le Gros L\u00e9gume Restaurant presentations &#8211; evaluation sheet<\/p>\n","protected":false},"author":103,"featured_media":0,"parent":170,"menu_order":0,"comment_status":"open","ping_status":"closed","template":"","meta":[],"_links":{"self":[{"href":"http:\/\/sd41blogs.ca\/romaina\/wp-json\/wp\/v2\/pages\/437"}],"collection":[{"href":"http:\/\/sd41blogs.ca\/romaina\/wp-json\/wp\/v2\/pages"}],"about":[{"href":"http:\/\/sd41blogs.ca\/romaina\/wp-json\/wp\/v2\/types\/page"}],"author":[{"embeddable":true,"href":"http:\/\/sd41blogs.ca\/romaina\/wp-json\/wp\/v2\/users\/103"}],"replies":[{"embeddable":true,"href":"http:\/\/sd41blogs.ca\/romaina\/wp-json\/wp\/v2\/comments?post=437"}],"version-history":[{"count":12,"href":"http:\/\/sd41blogs.ca\/romaina\/wp-json\/wp\/v2\/pages\/437\/revisions"}],"predecessor-version":[{"id":13991,"href":"http:\/\/sd41blogs.ca\/romaina\/wp-json\/wp\/v2\/pages\/437\/revisions\/13991"}],"up":[{"embeddable":true,"href":"http:\/\/sd41blogs.ca\/romaina\/wp-json\/wp\/v2\/pages\/170"}],"wp:attachment":[{"href":"http:\/\/sd41blogs.ca\/romaina\/wp-json\/wp\/v2\/media?parent=437"}],"curies":[{"name":"wp","href":"https:\/\/api.w.org\/{rel}","templated":true}]}}