{"id":3954,"date":"2013-09-09T13:40:43","date_gmt":"2013-09-09T20:40:43","guid":{"rendered":"http:\/\/sd41blogs.ca\/romaina\/?page_id=3954"},"modified":"2022-02-18T13:55:42","modified_gmt":"2022-02-18T21:55:42","slug":"dictees","status":"publish","type":"page","link":"http:\/\/sd41blogs.ca\/romaina\/french-10-honours\/unite-0-preliminaire\/dictees\/","title":{"rendered":"Dict\u00e9es"},"content":{"rendered":"<p><strong>Unit\u00e9 Pr\u00e9liminaire &#8211; Dict\u00e9e A<\/strong><strong>\u00a0 \u00a0 \u00a0 \u00a0 \u00a0\/16<\/strong><\/p>\n<p>Mon appartement \/ est vraiment grand. \/ Il y a trois pi\u00e8ces\u00a0: \/ le salon, \/ la salle \u00e0 manger \/ et ma chambre. \/\u00a0 Bien s\u00fbr, \/ il y a une cuisine \/ et j\u2019ai aussi \/ une grande salle de bain. \/ Elle a un beau miroir \/ au-dessus du lavabo \/ et une baignoire! \/ Ma chambre est verte \/ avec une \u00e9norme armoire, \/ un tapis et plusieurs affiches.<\/p>\n<p><iframe loading=\"lazy\" width=\"560\" height=\"315\" src=\"https:\/\/www.youtube.com\/embed\/lSFwZM5buB8\" title=\"YouTube video player\" frameborder=\"0\" allow=\"accelerometer; autoplay; clipboard-write; encrypted-media; gyroscope; picture-in-picture\" allowfullscreen><\/iframe><br \/>\n<strong>Unit\u00e9 Pr\u00e9liminaire &#8211; Dict\u00e9e B<\/strong><strong>\u00a0\u00a0 \u00a0 \u00a0 \u00a0 \u00a0 \/15 \u00a0 \u00a0<\/strong><strong>\u00a0\u00a0 \u00a0 \u00a0<\/strong><strong>\u00a0\u00a0 \u00a0 \u00a0 \u00a0<\/strong><strong>\u00a0\u00a0 \u00a0 \u00a0 \u00a0 \u00a0 \u00a0 \u00a0<\/strong><\/p>\n<p>Maintenant que \/ je vis tout seul, \/ j\u2019ai plusieurs \/ t\u00e2ches m\u00e9nag\u00e8res \u00e0 faire. \/ Je dois enlever la poussi\u00e8re, \/ sortir la poubelle, \/ balayer, passer l\u2019aspirateur \/ et faire la lessive! \/ Je suis tellement fatigu\u00e9; \/ c\u2019\u00e9tait beaucoup plus facile \/ quand j\u2019habitais avec mes parents \/ et ils faisaient \/ presque tout. \/ Tout ce que je devais faire \/ \u00e9tait de faire le lit!<\/p>\n<p><iframe loading=\"lazy\" title=\"YouTube video player\" src=\"https:\/\/www.youtube.com\/embed\/SKmDSgkQ3ug\" width=\"560\" height=\"315\" frameborder=\"0\" allowfullscreen=\"allowfullscreen\"><\/iframe><\/p>\n","protected":false},"excerpt":{"rendered":"<p>Unit\u00e9 Pr\u00e9liminaire &#8211; Dict\u00e9e A\u00a0 \u00a0 \u00a0 \u00a0 \u00a0\/16 Mon appartement \/ est vraiment grand. \/ Il y a trois pi\u00e8ces\u00a0: \/ le salon, \/ la salle \u00e0 manger \/ et ma chambre. \/\u00a0 Bien s\u00fbr, \/ il y a &hellip; <a href=\"http:\/\/sd41blogs.ca\/romaina\/french-10-honours\/unite-0-preliminaire\/dictees\/\">Continue reading <span class=\"meta-nav\">&rarr;<\/span><\/a><\/p>\n","protected":false},"author":103,"featured_media":0,"parent":3952,"menu_order":0,"comment_status":"open","ping_status":"closed","template":"","meta":[],"_links":{"self":[{"href":"http:\/\/sd41blogs.ca\/romaina\/wp-json\/wp\/v2\/pages\/3954"}],"collection":[{"href":"http:\/\/sd41blogs.ca\/romaina\/wp-json\/wp\/v2\/pages"}],"about":[{"href":"http:\/\/sd41blogs.ca\/romaina\/wp-json\/wp\/v2\/types\/page"}],"author":[{"embeddable":true,"href":"http:\/\/sd41blogs.ca\/romaina\/wp-json\/wp\/v2\/users\/103"}],"replies":[{"embeddable":true,"href":"http:\/\/sd41blogs.ca\/romaina\/wp-json\/wp\/v2\/comments?post=3954"}],"version-history":[{"count":7,"href":"http:\/\/sd41blogs.ca\/romaina\/wp-json\/wp\/v2\/pages\/3954\/revisions"}],"predecessor-version":[{"id":12450,"href":"http:\/\/sd41blogs.ca\/romaina\/wp-json\/wp\/v2\/pages\/3954\/revisions\/12450"}],"up":[{"embeddable":true,"href":"http:\/\/sd41blogs.ca\/romaina\/wp-json\/wp\/v2\/pages\/3952"}],"wp:attachment":[{"href":"http:\/\/sd41blogs.ca\/romaina\/wp-json\/wp\/v2\/media?parent=3954"}],"curies":[{"name":"wp","href":"https:\/\/api.w.org\/{rel}","templated":true}]}}