{"id":3807,"date":"2013-05-27T15:47:44","date_gmt":"2013-05-27T22:47:44","guid":{"rendered":"http:\/\/sd41blogs.ca\/romaina\/?page_id=3807"},"modified":"2013-05-27T15:50:55","modified_gmt":"2013-05-27T22:50:55","slug":"le-negatif","status":"publish","type":"page","link":"http:\/\/sd41blogs.ca\/romaina\/helpful-websites\/extra-practice-activities\/le-negatif\/","title":{"rendered":"Le n\u00e9gatif"},"content":{"rendered":"<p><a href=\"http:\/\/www.lepointdufle.net\/ressources_fle\/negation1.htm#.UaPibSt2E8A\" target=\"_blank\">Le n\u00e9gatif<\/a> #1<\/p>\n<p><a href=\"http:\/\/www.trainfrench.com\/French\/Grammaire\/Exos_grammaire\/negation\/Audio\/ecoutez_repondez_pop_up.htm\" target=\"_blank\">Le n\u00e9gatif<\/a> #2<\/p>\n<p><a href=\"http:\/\/www.lepointdufle.net\/ressources_fle\/negation2.htm#.UaPipit2E8A\" target=\"_blank\">Le n\u00e9gatif<\/a> #3<\/p>\n<p><a href=\"http:\/\/kzofrancais.pbworks.com\/f\/negation.htm\" target=\"_blank\">Le n\u00e9gatif<\/a> #4<\/p>\n<p><a href=\"http:\/\/perception.thiememeulenhoff.nl\/q\/session.dll?SESSION=2892759638699052&amp;NAME=test&amp;GROUP=&amp;ACCESS=2466361414900637&amp;EXPIRES=28:05:2013:12:49\" target=\"_blank\">Le n\u00e9gatif<\/a> #5<\/p>\n<p><a href=\"http:\/\/faculty.virginia.edu\/ajmlevine\/grammar\/negation_neplus_match.html\" target=\"_blank\">Le n\u00e9gatif <\/a>#6<\/p>\n<p><a href=\"http:\/\/wps.prenhall.com\/ca_ph_parmentier_enbons_7\/46\/11987\/3068755.cw\/content\/\" target=\"_blank\">Le n\u00e9gatif<\/a> #7<\/p>\n","protected":false},"excerpt":{"rendered":"<p>Le n\u00e9gatif #1 Le n\u00e9gatif #2 Le n\u00e9gatif #3 Le n\u00e9gatif #4 Le n\u00e9gatif #5 Le n\u00e9gatif #6 Le n\u00e9gatif #7<\/p>\n","protected":false},"author":103,"featured_media":0,"parent":392,"menu_order":0,"comment_status":"open","ping_status":"closed","template":"","meta":[],"_links":{"self":[{"href":"http:\/\/sd41blogs.ca\/romaina\/wp-json\/wp\/v2\/pages\/3807"}],"collection":[{"href":"http:\/\/sd41blogs.ca\/romaina\/wp-json\/wp\/v2\/pages"}],"about":[{"href":"http:\/\/sd41blogs.ca\/romaina\/wp-json\/wp\/v2\/types\/page"}],"author":[{"embeddable":true,"href":"http:\/\/sd41blogs.ca\/romaina\/wp-json\/wp\/v2\/users\/103"}],"replies":[{"embeddable":true,"href":"http:\/\/sd41blogs.ca\/romaina\/wp-json\/wp\/v2\/comments?post=3807"}],"version-history":[{"count":6,"href":"http:\/\/sd41blogs.ca\/romaina\/wp-json\/wp\/v2\/pages\/3807\/revisions"}],"predecessor-version":[{"id":3812,"href":"http:\/\/sd41blogs.ca\/romaina\/wp-json\/wp\/v2\/pages\/3807\/revisions\/3812"}],"up":[{"embeddable":true,"href":"http:\/\/sd41blogs.ca\/romaina\/wp-json\/wp\/v2\/pages\/392"}],"wp:attachment":[{"href":"http:\/\/sd41blogs.ca\/romaina\/wp-json\/wp\/v2\/media?parent=3807"}],"curies":[{"name":"wp","href":"https:\/\/api.w.org\/{rel}","templated":true}]}}