{"id":3791,"date":"2013-05-27T15:03:28","date_gmt":"2013-05-27T22:03:28","guid":{"rendered":"http:\/\/sd41blogs.ca\/romaina\/?page_id=3791"},"modified":"2013-05-27T15:42:41","modified_gmt":"2013-05-27T22:42:41","slug":"savoir-vs-connaitre","status":"publish","type":"page","link":"http:\/\/sd41blogs.ca\/romaina\/helpful-websites\/extra-practice-activities\/savoir-vs-connaitre\/","title":{"rendered":"Savoir vs Conna\u00eetre"},"content":{"rendered":"<p><a href=\"http:\/\/www.laits.utexas.edu\/tex\/gr\/virr10.html\" target=\"_blank\">Savoir vs Conna\u00eetre<\/a>\u00a0#1<\/p>\n<p><a href=\"http:\/\/pages.infinit.net\/yhetu\/autres\/con_sav.htm\" target=\"_blank\">Savoir vs Conna\u00eetre<\/a>\u00a0#2<\/p>\n<p><a href=\"http:\/\/www.espacefrancais.com\/quiz\/divers\/connaitre\/quiz.htm\" target=\"_blank\">Savoir vs Conna\u00eetre<\/a> #3<\/p>\n<p><a href=\"http:\/\/wps.prenhall.com\/ca_ph_parmentier_enbons_7\/46\/11985\/3068305.cw\/content\/\" target=\"_blank\">Savoir vs Conna\u00eetre<\/a> #4<\/p>\n<p><a href=\"http:\/\/ml.hss.cmu.edu\/fol\/fol1\/modules\/module5\/exercises\/F1M50302E1.htm\" target=\"_blank\">Savoir vs Conna\u00eetre<\/a> #5<\/p>\n","protected":false},"excerpt":{"rendered":"<p>Savoir vs Conna\u00eetre\u00a0#1 Savoir vs Conna\u00eetre\u00a0#2 Savoir vs Conna\u00eetre #3 Savoir vs Conna\u00eetre #4 Savoir vs Conna\u00eetre #5<\/p>\n","protected":false},"author":103,"featured_media":0,"parent":392,"menu_order":0,"comment_status":"open","ping_status":"closed","template":"","meta":[],"_links":{"self":[{"href":"http:\/\/sd41blogs.ca\/romaina\/wp-json\/wp\/v2\/pages\/3791"}],"collection":[{"href":"http:\/\/sd41blogs.ca\/romaina\/wp-json\/wp\/v2\/pages"}],"about":[{"href":"http:\/\/sd41blogs.ca\/romaina\/wp-json\/wp\/v2\/types\/page"}],"author":[{"embeddable":true,"href":"http:\/\/sd41blogs.ca\/romaina\/wp-json\/wp\/v2\/users\/103"}],"replies":[{"embeddable":true,"href":"http:\/\/sd41blogs.ca\/romaina\/wp-json\/wp\/v2\/comments?post=3791"}],"version-history":[{"count":9,"href":"http:\/\/sd41blogs.ca\/romaina\/wp-json\/wp\/v2\/pages\/3791\/revisions"}],"predecessor-version":[{"id":3804,"href":"http:\/\/sd41blogs.ca\/romaina\/wp-json\/wp\/v2\/pages\/3791\/revisions\/3804"}],"up":[{"embeddable":true,"href":"http:\/\/sd41blogs.ca\/romaina\/wp-json\/wp\/v2\/pages\/392"}],"wp:attachment":[{"href":"http:\/\/sd41blogs.ca\/romaina\/wp-json\/wp\/v2\/media?parent=3791"}],"curies":[{"name":"wp","href":"https:\/\/api.w.org\/{rel}","templated":true}]}}