{"id":374,"date":"2011-02-09T09:16:15","date_gmt":"2011-02-09T17:16:15","guid":{"rendered":"http:\/\/10.155.6.59\/romaina\/"},"modified":"2022-04-14T11:11:12","modified_gmt":"2022-04-14T18:11:12","slug":"pronoms-worksheets","status":"publish","type":"page","link":"http:\/\/sd41blogs.ca\/romaina\/french-11\/unite-1\/pronoms\/pronoms-worksheets\/","title":{"rendered":"Worksheets &#038; Answer Keys"},"content":{"rendered":"<p><a href=\"http:\/\/sd41blogs.ca\/romaina\/files\/2020\/11\/CQ3-Un3b-Lec2-Les-Pronoms-Directs-\u2013-Activit\u00e9s.pdf\">Les Pronoms Directs \u2013 Activit\u00e9s<\/a>\u00a0&amp; <a href=\"http:\/\/sd41blogs.ca\/romaina\/files\/2020\/11\/CQ3-Un3b-Lec2-Les-Pronoms-Directs-\u2013-Activit\u00e9s-R\u00e9ponses.pdf\">Les Pronoms Directs \u2013 Activit\u00e9s &#8211; R\u00e9ponses<\/a><a href=\"http:\/\/sd41blogs.ca\/romaina\/files\/2011\/02\/CQ3-Un3b-Lec2-Les-Pronoms-Directs-%E2%80%93-Activit%C3%A9s-R%C3%A9ponses.pdf\" target=\"_blank\" rel=\"noopener noreferrer\"><br \/>\n<\/a><\/p>\n<p><a href=\"http:\/\/sd41blogs.ca\/romaina\/files\/2020\/11\/Les-Pronoms-Indirects-\u2013-Activit\u00e9s.pdf\">Les Pronoms Indirects \u2013 Activit\u00e9s<\/a>\u00a0&amp;<a href=\"http:\/\/sd41blogs.ca\/romaina\/files\/2020\/09\/Les-Pronoms-Indirects-\u2013-Activit\u00e9s-R\u00e9ponses.pdf\">Les Pronoms Indirects \u2013 Activit\u00e9s &#8211; R\u00e9ponses<\/a><a href=\"http:\/\/sd41blogs.ca\/romaina\/files\/2011\/02\/Fren11-Les-Pronoms-Indirects-%E2%80%93-Activit%C3%A9s-R%C3%A9ponses.pdf\" target=\"_blank\" rel=\"noopener noreferrer\"><br \/>\n<\/a><\/p>\n<p><a href=\"http:\/\/sd41blogs.ca\/romaina\/files\/2021\/01\/Un2b-Le-Pronom-EN-\u2013-Activit\u00e9s.pdf\">Le Pronom EN \u2013 Activit\u00e9s<\/a>\u00a0&amp; <a href=\"http:\/\/sd41blogs.ca\/romaina\/files\/2021\/01\/Un2b-Le-Pronom-EN-\u2013-Activit\u00e9s-R\u00e9ponses.pdf\">Le Pronom EN \u2013 Activit\u00e9s &#8211; R\u00e9ponses<\/a><\/p>\n<p><a href=\"http:\/\/sd41blogs.ca\/romaina\/files\/2021\/01\/Un2b-Pronom-Y-Activit\u00e9s.pdf\">Pronom Y &#8211; Activit\u00e9s<\/a>\u00a0&amp; <a href=\"http:\/\/sd41blogs.ca\/romaina\/files\/2021\/01\/Un2b-Pronom-Y-Activit\u00e9s-R\u00e9ponses.pdf\">Pronom Y &#8211; Activit\u00e9s &#8211; R\u00e9ponses<\/a><\/p>\n<p><a href=\"http:\/\/sd41blogs.ca\/romaina\/files\/2021\/01\/Un2b-Pronouns-WS.pdf\">Pronouns WS<\/a>\u00a0&amp; <a href=\"http:\/\/sd41blogs.ca\/romaina\/files\/2021\/03\/Pronouns-WS-R\u00e9ponses.pdf\">Pronouns WS &#8211; R\u00e9ponses<\/a><a href=\"http:\/\/sd41blogs.ca\/romaina\/files\/2011\/02\/Fren11-Pronouns-WS-R\u00e9ponses1.pdf\"><br \/>\n<\/a><\/p>\n<p><a href=\"http:\/\/sd41blogs.ca\/romaina\/files\/2020\/10\/Fren11-Ordre-des-pronoms-Activit\u00e9s.pdf\">Ordre des pronoms &#8211; Activit\u00e9s<\/a>\u00a0&amp; <a href=\"http:\/\/sd41blogs.ca\/romaina\/files\/2020\/10\/Fren11-Ordre-des-pronoms-Activit\u00e9s-R\u00e9ponses.pdf\">Ordre des pronoms &#8211; Activit\u00e9s &#8211; R\u00e9ponses<\/a><\/p>\n<p>&nbsp;<\/p>\n","protected":false},"excerpt":{"rendered":"<p>Les Pronoms Directs \u2013 Activit\u00e9s\u00a0&amp; Les Pronoms Directs \u2013 Activit\u00e9s &#8211; R\u00e9ponses Les Pronoms Indirects \u2013 Activit\u00e9s\u00a0&amp;Les Pronoms Indirects \u2013 Activit\u00e9s &#8211; R\u00e9ponses Le Pronom EN \u2013 Activit\u00e9s\u00a0&amp; Le Pronom EN \u2013 Activit\u00e9s &#8211; R\u00e9ponses Pronom Y &#8211; Activit\u00e9s\u00a0&amp; Pronom &hellip; <a href=\"http:\/\/sd41blogs.ca\/romaina\/french-11\/unite-1\/pronoms\/pronoms-worksheets\/\">Continue reading <span class=\"meta-nav\">&rarr;<\/span><\/a><\/p>\n","protected":false},"author":103,"featured_media":0,"parent":337,"menu_order":0,"comment_status":"open","ping_status":"closed","template":"","meta":[],"_links":{"self":[{"href":"http:\/\/sd41blogs.ca\/romaina\/wp-json\/wp\/v2\/pages\/374"}],"collection":[{"href":"http:\/\/sd41blogs.ca\/romaina\/wp-json\/wp\/v2\/pages"}],"about":[{"href":"http:\/\/sd41blogs.ca\/romaina\/wp-json\/wp\/v2\/types\/page"}],"author":[{"embeddable":true,"href":"http:\/\/sd41blogs.ca\/romaina\/wp-json\/wp\/v2\/users\/103"}],"replies":[{"embeddable":true,"href":"http:\/\/sd41blogs.ca\/romaina\/wp-json\/wp\/v2\/comments?post=374"}],"version-history":[{"count":26,"href":"http:\/\/sd41blogs.ca\/romaina\/wp-json\/wp\/v2\/pages\/374\/revisions"}],"predecessor-version":[{"id":12674,"href":"http:\/\/sd41blogs.ca\/romaina\/wp-json\/wp\/v2\/pages\/374\/revisions\/12674"}],"up":[{"embeddable":true,"href":"http:\/\/sd41blogs.ca\/romaina\/wp-json\/wp\/v2\/pages\/337"}],"wp:attachment":[{"href":"http:\/\/sd41blogs.ca\/romaina\/wp-json\/wp\/v2\/media?parent=374"}],"curies":[{"name":"wp","href":"https:\/\/api.w.org\/{rel}","templated":true}]}}