{"id":1950,"date":"2012-05-01T12:32:59","date_gmt":"2012-05-01T19:32:59","guid":{"rendered":"http:\/\/sd41blogs.ca\/romaina\/?page_id=1950"},"modified":"2024-05-13T15:20:33","modified_gmt":"2024-05-13T22:20:33","slug":"worksheets-answer-keys-2","status":"publish","type":"page","link":"http:\/\/sd41blogs.ca\/romaina\/french-8\/unit-5-phenomenes-canadiens\/worksheets-answer-keys-2\/","title":{"rendered":"Worksheets &#038; Answer Keys"},"content":{"rendered":"<p><a href=\"http:\/\/sd41blogs.ca\/romaina\/files\/2024\/05\/Un4-Lec2-Futur-Proche-WS.pdf\">Futur Proche WS<\/a>\u00a0&amp; <a href=\"http:\/\/sd41blogs.ca\/romaina\/files\/2021\/12\/Un4-Lec2-Futur-Proche-WS-Reponses.pdf\">Futur Proche WS &#8211; R\u00e9ponses<\/a><\/p>\n<p><a href=\"http:\/\/sd41blogs.ca\/romaina\/files\/2021\/01\/Un4-Lec5-Le-pass\u00e9-compos\u00e9-avoir.pdf\">Le pass\u00e9 compos\u00e9 &#8211; WS<\/a>\u00a0&amp; <a href=\"http:\/\/sd41blogs.ca\/romaina\/files\/2021\/01\/Un4-Lec5-Le-pass\u00e9-compos\u00e9-avoir-Answer-Key.pdf\">Le pass\u00e9 compos\u00e9 WS &#8211; Answer Key<\/a><\/p>\n<p>Video activity &#8211; <a href=\"http:\/\/sd41blogs.ca\/romaina\/files\/2022\/01\/Maq-et-lesprit-de-la-foret-comprehension-questions.pdf\">Maq et l&#8217;esprit de la for\u00eat &#8211; comprehension questions<\/a><\/p>\n<p><iframe loading=\"lazy\" src=\"https:\/\/www.onf.ca\/film\/maq_esprit_foret\/embed\/player\/\" width=\"(( width ))\" height=\"(( height ))\" frameborder=\"0\" allowfullscreen=\"allowfullscreen\"><\/iframe><\/p>\n<p style=\"width: (( width ))px;\"><a href=\"https:\/\/www.onf.ca\/film\/maq_esprit_foret\/\" target=\"_blank\" rel=\"noopener\"><em>Maq et l&#8217;esprit de la for\u00eat<\/em><\/a>, <a title=\"plus de films par Phyllis Grant\" href=\"https:\/\/www.onf.ca\/cineastes\/phyllis-grant\/\" target=\"_blank\" rel=\"noopener\">Phyllis Grant<\/a>, <a href=\"https:\/\/www.onf.ca\" target=\"_blank\" rel=\"noopener\">offert par l&#8217;Office national du film du Canada<\/a><\/p>\n","protected":false},"excerpt":{"rendered":"<p>Futur Proche WS\u00a0&amp; Futur Proche WS &#8211; R\u00e9ponses Le pass\u00e9 compos\u00e9 &#8211; WS\u00a0&amp; Le pass\u00e9 compos\u00e9 WS &#8211; Answer Key Video activity &#8211; Maq et l&#8217;esprit de la for\u00eat &#8211; comprehension questions Maq et l&#8217;esprit de la for\u00eat, Phyllis Grant, &hellip; <a href=\"http:\/\/sd41blogs.ca\/romaina\/french-8\/unit-5-phenomenes-canadiens\/worksheets-answer-keys-2\/\">Continue reading <span class=\"meta-nav\">&rarr;<\/span><\/a><\/p>\n","protected":false},"author":103,"featured_media":0,"parent":175,"menu_order":0,"comment_status":"open","ping_status":"closed","template":"","meta":[],"_links":{"self":[{"href":"http:\/\/sd41blogs.ca\/romaina\/wp-json\/wp\/v2\/pages\/1950"}],"collection":[{"href":"http:\/\/sd41blogs.ca\/romaina\/wp-json\/wp\/v2\/pages"}],"about":[{"href":"http:\/\/sd41blogs.ca\/romaina\/wp-json\/wp\/v2\/types\/page"}],"author":[{"embeddable":true,"href":"http:\/\/sd41blogs.ca\/romaina\/wp-json\/wp\/v2\/users\/103"}],"replies":[{"embeddable":true,"href":"http:\/\/sd41blogs.ca\/romaina\/wp-json\/wp\/v2\/comments?post=1950"}],"version-history":[{"count":18,"href":"http:\/\/sd41blogs.ca\/romaina\/wp-json\/wp\/v2\/pages\/1950\/revisions"}],"predecessor-version":[{"id":15615,"href":"http:\/\/sd41blogs.ca\/romaina\/wp-json\/wp\/v2\/pages\/1950\/revisions\/15615"}],"up":[{"embeddable":true,"href":"http:\/\/sd41blogs.ca\/romaina\/wp-json\/wp\/v2\/pages\/175"}],"wp:attachment":[{"href":"http:\/\/sd41blogs.ca\/romaina\/wp-json\/wp\/v2\/media?parent=1950"}],"curies":[{"name":"wp","href":"https:\/\/api.w.org\/{rel}","templated":true}]}}