{"id":17704,"date":"2025-12-15T09:16:01","date_gmt":"2025-12-15T17:16:01","guid":{"rendered":"https:\/\/sd41blogs.ca\/romaina\/?page_id=17704"},"modified":"2025-12-15T09:16:01","modified_gmt":"2025-12-15T17:16:01","slug":"dictees","status":"publish","type":"page","link":"http:\/\/sd41blogs.ca\/romaina\/french-12-h-ap\/unite-4-la-valeur-des-idees\/dictees\/","title":{"rendered":"Dict\u00e9es"},"content":{"rendered":"<table style=\"height: 24px;\">\n<tbody>\n<tr style=\"height: 24px;\">\n<td style=\"height: 24px;\" width=\"85\"><strong><u>Fr12<\/u><\/strong><strong><u> Un4 Dict\u00e9e A<\/u><\/strong>\u00a0 \u00a0 \u00a0 \u00a0 \u00a0 \u00a0 \u00a0 \u00a0 \u00a0 \u00a0 \u00a0 \u00a0 \u00a0 \u00a0 \u00a0 \u00a0 \u00a0 \u00a0 \u00a0 \u00a0 \/25<\/td>\n<\/tr>\n<\/tbody>\n<\/table>\n<p>Hier, j\u2019ai d\u00e9couvert \/ une histoire terrifiante. \/ Il y a deux ans \/ depuis que la fille \/ du pr\u00e9sident avait \u00e9t\u00e9 enlev\u00e9e \/ par un espion. \/ Apparemment il \u00e9tait f\u00e2ch\u00e9 \/ parce qu\u2019il s\u2019\u00e9tait consacr\u00e9 \/ \u00e0 son pays, \/ mais n\u2019avait re\u00e7u aucun argent, \/ alors il allait \/ faire du chantage. \/ Heureusement, il n\u2019a pas \u00e9t\u00e9 victorieux \/ et la police l\u2019a sauv\u00e9e \/ sans violence. \/ Apr\u00e8s qu\u2019elle est revenue \/ chez elle, le reporter \/ a parl\u00e9 \u00e0 la victime. \/ Elle a dit qu\u2019il l\u2019avait menac\u00e9e \/ et elle avait beaucoup souffert \/ parce qu\u2019il \u00e9tait tr\u00e8s puissant. \/ Maintenant il ira \u00e0 un tribunal \/ et c\u2019est presque certain \/qu\u2019il sera trouv\u00e9 \/ coupable par le juge.<\/p>\n<p><iframe loading=\"lazy\" width=\"560\" height=\"315\" src=\"https:\/\/www.youtube.com\/embed\/7fsxcvb6ycQ?si=kZqRUjNUajpNwqjR\" title=\"YouTube video player\" frameborder=\"0\" allow=\"accelerometer; autoplay; clipboard-write; encrypted-media; gyroscope; picture-in-picture; web-share\" referrerpolicy=\"strict-origin-when-cross-origin\" allowfullscreen><\/iframe>&nbsp;<\/p>\n","protected":false},"excerpt":{"rendered":"<p>Fr12 Un4 Dict\u00e9e A\u00a0 \u00a0 \u00a0 \u00a0 \u00a0 \u00a0 \u00a0 \u00a0 \u00a0 \u00a0 \u00a0 \u00a0 \u00a0 \u00a0 \u00a0 \u00a0 \u00a0 \u00a0 \u00a0 \u00a0 \/25 Hier, j\u2019ai d\u00e9couvert \/ une histoire terrifiante. \/ Il y a deux ans \/ depuis que &hellip; <a href=\"http:\/\/sd41blogs.ca\/romaina\/french-12-h-ap\/unite-4-la-valeur-des-idees\/dictees\/\">Continue reading <span class=\"meta-nav\">&rarr;<\/span><\/a><\/p>\n","protected":false},"author":103,"featured_media":0,"parent":17702,"menu_order":0,"comment_status":"closed","ping_status":"closed","template":"","meta":[],"_links":{"self":[{"href":"http:\/\/sd41blogs.ca\/romaina\/wp-json\/wp\/v2\/pages\/17704"}],"collection":[{"href":"http:\/\/sd41blogs.ca\/romaina\/wp-json\/wp\/v2\/pages"}],"about":[{"href":"http:\/\/sd41blogs.ca\/romaina\/wp-json\/wp\/v2\/types\/page"}],"author":[{"embeddable":true,"href":"http:\/\/sd41blogs.ca\/romaina\/wp-json\/wp\/v2\/users\/103"}],"replies":[{"embeddable":true,"href":"http:\/\/sd41blogs.ca\/romaina\/wp-json\/wp\/v2\/comments?post=17704"}],"version-history":[{"count":1,"href":"http:\/\/sd41blogs.ca\/romaina\/wp-json\/wp\/v2\/pages\/17704\/revisions"}],"predecessor-version":[{"id":17705,"href":"http:\/\/sd41blogs.ca\/romaina\/wp-json\/wp\/v2\/pages\/17704\/revisions\/17705"}],"up":[{"embeddable":true,"href":"http:\/\/sd41blogs.ca\/romaina\/wp-json\/wp\/v2\/pages\/17702"}],"wp:attachment":[{"href":"http:\/\/sd41blogs.ca\/romaina\/wp-json\/wp\/v2\/media?parent=17704"}],"curies":[{"name":"wp","href":"https:\/\/api.w.org\/{rel}","templated":true}]}}