{"id":17389,"date":"2025-10-23T09:15:16","date_gmt":"2025-10-23T16:15:16","guid":{"rendered":"http:\/\/sd41blogs.ca\/romaina\/?page_id=17389"},"modified":"2025-10-31T13:29:51","modified_gmt":"2025-10-31T20:29:51","slug":"dictee","status":"publish","type":"page","link":"http:\/\/sd41blogs.ca\/romaina\/french-12-h-ap\/unite-3-linfluence-des-medias\/dictee\/","title":{"rendered":"Dict\u00e9e"},"content":{"rendered":"<p><span style=\"text-decoration: underline;\"><strong>Fr12 Un3 Dict\u00e9e A<\/strong><\/span> \u00a0 \u00a0 \u00a0 \u00a0 \u00a0\/22<\/p>\n<p>Hier soir, j\u2019ai regard\u00e9 \/ un reportage sur la libert\u00e9 \/ de la presse. \/ Ensuite, j\u2019ai re\u00e7u \/ un message d\u2019un ami \/ qui m\u2019a envoy\u00e9 \/ un article en ligne \/ sur un journaliste censur\u00e9. \/ Pendant que je lisais l\u2019article, \/ ma m\u00e8re a \u00e9cout\u00e9 \/ les nouvelles \u00e0 la radio \/ et elle a dit que les m\u00e9dias \/ influencent notre vision du monde. \/ Mon fr\u00e8re a t\u00e9l\u00e9charg\u00e9 \/ une application pour suivre l\u2019actualit\u00e9, \/ car il voulait \/ rester inform\u00e9. \/ C\u2019\u00e9tait une soir\u00e9e \/ pleine de discussions \/ sur l\u2019information, \/ les r\u00e9seaux sociaux \/ et la libert\u00e9 d\u2019expression.<\/p>\n<p><iframe loading=\"lazy\" width=\"560\" height=\"315\" src=\"https:\/\/www.youtube.com\/embed\/JGAT9TW5-Ig?si=9jTbfGJsFovLyvky\" title=\"YouTube video player\" frameborder=\"0\" allow=\"accelerometer; autoplay; clipboard-write; encrypted-media; gyroscope; picture-in-picture; web-share\" referrerpolicy=\"strict-origin-when-cross-origin\" allowfullscreen><\/iframe><\/p>\n","protected":false},"excerpt":{"rendered":"<p>Fr12 Un3 Dict\u00e9e A \u00a0 \u00a0 \u00a0 \u00a0 \u00a0\/22 Hier soir, j\u2019ai regard\u00e9 \/ un reportage sur la libert\u00e9 \/ de la presse. \/ Ensuite, j\u2019ai re\u00e7u \/ un message d\u2019un ami \/ qui m\u2019a envoy\u00e9 \/ un article en &hellip; <a href=\"http:\/\/sd41blogs.ca\/romaina\/french-12-h-ap\/unite-3-linfluence-des-medias\/dictee\/\">Continue reading <span class=\"meta-nav\">&rarr;<\/span><\/a><\/p>\n","protected":false},"author":103,"featured_media":0,"parent":17382,"menu_order":0,"comment_status":"closed","ping_status":"closed","template":"","meta":[],"_links":{"self":[{"href":"http:\/\/sd41blogs.ca\/romaina\/wp-json\/wp\/v2\/pages\/17389"}],"collection":[{"href":"http:\/\/sd41blogs.ca\/romaina\/wp-json\/wp\/v2\/pages"}],"about":[{"href":"http:\/\/sd41blogs.ca\/romaina\/wp-json\/wp\/v2\/types\/page"}],"author":[{"embeddable":true,"href":"http:\/\/sd41blogs.ca\/romaina\/wp-json\/wp\/v2\/users\/103"}],"replies":[{"embeddable":true,"href":"http:\/\/sd41blogs.ca\/romaina\/wp-json\/wp\/v2\/comments?post=17389"}],"version-history":[{"count":3,"href":"http:\/\/sd41blogs.ca\/romaina\/wp-json\/wp\/v2\/pages\/17389\/revisions"}],"predecessor-version":[{"id":17435,"href":"http:\/\/sd41blogs.ca\/romaina\/wp-json\/wp\/v2\/pages\/17389\/revisions\/17435"}],"up":[{"embeddable":true,"href":"http:\/\/sd41blogs.ca\/romaina\/wp-json\/wp\/v2\/pages\/17382"}],"wp:attachment":[{"href":"http:\/\/sd41blogs.ca\/romaina\/wp-json\/wp\/v2\/media?parent=17389"}],"curies":[{"name":"wp","href":"https:\/\/api.w.org\/{rel}","templated":true}]}}