{"id":17382,"date":"2025-10-22T12:59:30","date_gmt":"2025-10-22T19:59:30","guid":{"rendered":"https:\/\/sd41blogs.ca\/romaina\/?page_id=17382"},"modified":"2025-12-15T09:19:39","modified_gmt":"2025-12-15T17:19:39","slug":"unite-3-linfluence-des-medias","status":"publish","type":"page","link":"http:\/\/sd41blogs.ca\/romaina\/french-12-h-ap\/unite-3-linfluence-des-medias\/","title":{"rendered":"Unit\u00e9 3 &#8211; L&#8217;influence des m\u00e9dias"},"content":{"rendered":"<p><a href=\"https:\/\/sd41blogs.ca\/romaina\/french-12-h-ap\/unite-3-linfluence-des-medias\/dictee\/\">Dict\u00e9es<\/a><\/p>\n<p><a href=\"https:\/\/sd41blogs.ca\/romaina\/french-12-h-ap\/unite-3-linfluence-des-medias\/tache-finale\/\">T\u00e2che Finale<\/a><\/p>\n<p><a href=\"https:\/\/sd41blogs.ca\/romaina\/french-12-h-ap\/unite-3-linfluence-des-medias\/test-dunite\/\">Test d&#8217;unit\u00e9<\/a><\/p>\n","protected":false},"excerpt":{"rendered":"<p>Dict\u00e9es T\u00e2che Finale Test d&#8217;unit\u00e9<\/p>\n","protected":false},"author":103,"featured_media":0,"parent":17083,"menu_order":0,"comment_status":"closed","ping_status":"closed","template":"","meta":[],"_links":{"self":[{"href":"http:\/\/sd41blogs.ca\/romaina\/wp-json\/wp\/v2\/pages\/17382"}],"collection":[{"href":"http:\/\/sd41blogs.ca\/romaina\/wp-json\/wp\/v2\/pages"}],"about":[{"href":"http:\/\/sd41blogs.ca\/romaina\/wp-json\/wp\/v2\/types\/page"}],"author":[{"embeddable":true,"href":"http:\/\/sd41blogs.ca\/romaina\/wp-json\/wp\/v2\/users\/103"}],"replies":[{"embeddable":true,"href":"http:\/\/sd41blogs.ca\/romaina\/wp-json\/wp\/v2\/comments?post=17382"}],"version-history":[{"count":8,"href":"http:\/\/sd41blogs.ca\/romaina\/wp-json\/wp\/v2\/pages\/17382\/revisions"}],"predecessor-version":[{"id":17709,"href":"http:\/\/sd41blogs.ca\/romaina\/wp-json\/wp\/v2\/pages\/17382\/revisions\/17709"}],"up":[{"embeddable":true,"href":"http:\/\/sd41blogs.ca\/romaina\/wp-json\/wp\/v2\/pages\/17083"}],"wp:attachment":[{"href":"http:\/\/sd41blogs.ca\/romaina\/wp-json\/wp\/v2\/media?parent=17382"}],"curies":[{"name":"wp","href":"https:\/\/api.w.org\/{rel}","templated":true}]}}