{"id":17149,"date":"2025-09-16T10:34:05","date_gmt":"2025-09-16T17:34:05","guid":{"rendered":"https:\/\/sd41blogs.ca\/romaina\/?page_id=17149"},"modified":"2025-09-25T09:45:39","modified_gmt":"2025-09-25T16:45:39","slug":"activites","status":"publish","type":"page","link":"http:\/\/sd41blogs.ca\/romaina\/french-12-h-ap\/unite-1-les-familles-et-les-communautes\/activites\/","title":{"rendered":"Activit\u00e9s"},"content":{"rendered":"<p><a href=\"http:\/\/sd41blogs.ca\/romaina\/files\/2025\/09\/Les-types-de-personnalite-enneagramme-activite.pdf\">Les types de personnalit\u00e9 enn\u00e9agramme &#8211; activit\u00e9<\/a><\/p>\n","protected":false},"excerpt":{"rendered":"<p>Les types de personnalit\u00e9 enn\u00e9agramme &#8211; activit\u00e9<\/p>\n","protected":false},"author":103,"featured_media":0,"parent":17113,"menu_order":0,"comment_status":"closed","ping_status":"closed","template":"","meta":[],"_links":{"self":[{"href":"http:\/\/sd41blogs.ca\/romaina\/wp-json\/wp\/v2\/pages\/17149"}],"collection":[{"href":"http:\/\/sd41blogs.ca\/romaina\/wp-json\/wp\/v2\/pages"}],"about":[{"href":"http:\/\/sd41blogs.ca\/romaina\/wp-json\/wp\/v2\/types\/page"}],"author":[{"embeddable":true,"href":"http:\/\/sd41blogs.ca\/romaina\/wp-json\/wp\/v2\/users\/103"}],"replies":[{"embeddable":true,"href":"http:\/\/sd41blogs.ca\/romaina\/wp-json\/wp\/v2\/comments?post=17149"}],"version-history":[{"count":2,"href":"http:\/\/sd41blogs.ca\/romaina\/wp-json\/wp\/v2\/pages\/17149\/revisions"}],"predecessor-version":[{"id":17223,"href":"http:\/\/sd41blogs.ca\/romaina\/wp-json\/wp\/v2\/pages\/17149\/revisions\/17223"}],"up":[{"embeddable":true,"href":"http:\/\/sd41blogs.ca\/romaina\/wp-json\/wp\/v2\/pages\/17113"}],"wp:attachment":[{"href":"http:\/\/sd41blogs.ca\/romaina\/wp-json\/wp\/v2\/media?parent=17149"}],"curies":[{"name":"wp","href":"https:\/\/api.w.org\/{rel}","templated":true}]}}