{"id":17115,"date":"2025-09-09T17:13:07","date_gmt":"2025-09-10T00:13:07","guid":{"rendered":"https:\/\/sd41blogs.ca\/romaina\/?page_id=17115"},"modified":"2025-09-18T09:30:25","modified_gmt":"2025-09-18T16:30:25","slug":"dictees","status":"publish","type":"page","link":"http:\/\/sd41blogs.ca\/romaina\/french-12-h-ap\/unite-1-les-familles-et-les-communautes\/dictees\/","title":{"rendered":"Dict\u00e9es"},"content":{"rendered":"<p><span style=\"text-decoration: underline;\"><strong>Un1 Dict\u00e9e A<\/strong><\/span><\/p>\n<p style=\"font-weight: 400;\">Quand j\u2019\u00e9tais \u00e0 l\u2019universit\u00e9, \/ je sortais souvent avec mes amis \/ pour partager et discuter \/ de nos vies amoureuses. \/ On se faisait confiance \/ et on se racontait tout, \/ m\u00eame les d\u00e9tails les plus embarrassants. \/ Un jour, j\u2019ai rencontr\u00e9 \/ quelqu\u2019un inoubliable \/ &#8211; elle \u00e9tait charmante, honn\u00eate et tr\u00e8s fid\u00e8le. \/ Nous nous sommes vus \/ plusieurs fois avant de commencer \/ une relation s\u00e9rieuse. \/ Malheureusement, apr\u00e8s quelques mois, \/ elle m\u2019a quitt\u00e9 \/ sans explication! \/ J\u2019ai \u00e9t\u00e9 contrari\u00e9 \/ et un peu f\u00e2ch\u00e9 \/ pour du temps, mais cette exp\u00e9rience \/ m\u2019a appris \/ \u00e0 mieux comprendre \/ ce que je cherchais \/ dans une relation.<\/p>\n<p><iframe loading=\"lazy\" width=\"560\" height=\"315\" src=\"https:\/\/www.youtube.com\/embed\/DaC4ux-yAAQ?si=_bUiyBaVsEKF6eE1\" title=\"YouTube video player\" frameborder=\"0\" allow=\"accelerometer; autoplay; clipboard-write; encrypted-media; gyroscope; picture-in-picture; web-share\" referrerpolicy=\"strict-origin-when-cross-origin\" allowfullscreen><\/iframe>&nbsp;<\/p>\n<p>&nbsp;<\/p>\n<div>\n<p><span lang=\"FR-CA\"><span style=\"text-decoration: underline;\"><strong>Un1 Dict\u00e9e B<\/strong><\/span><\/span><\/p>\n<p><span lang=\"FR-CA\">Je suis une jeune Ha\u00eftienne \/ fi\u00e8re de mes racines \/ et de ma culture. \/ Ma personnalit\u00e9 est marqu\u00e9e \/ par la curiosit\u00e9, \/ la chaleur humaine \/ et un profond respect \/ pour les autres. \/ J\u2019aime notre musique, \/ notre langue cr\u00e9ole \/ et les traditions qui nous rassemblent. \/ Malgr\u00e9 les d\u00e9fis \/ que mon pays traverse, \/ je garde espoir \/ et je r\u00eave d\u2019un \/ avenir meilleur. \/ Mon identit\u00e9 est un \u00e9quilibre \/ entre la richesse de notre pass\u00e9 \/ et l\u2019envie de construire \/ quelque chose de nouveau. \/ \u00catre Ha\u00eftienne, c\u2019est porter \/ en soi une force tranquille \/ et une lumi\u00e8re \/ qui ne s\u2019\u00e9teint jamais.<\/span><\/p>\n<\/div>\n<p><iframe loading=\"lazy\" title=\"YouTube video player\" src=\"https:\/\/www.youtube.com\/embed\/YjnvV7JMddI?si=n038ryEKBnUTqNVc\" width=\"560\" height=\"315\" frameborder=\"0\" allowfullscreen=\"allowfullscreen\"><\/iframe><\/p>\n","protected":false},"excerpt":{"rendered":"<p>Un1 Dict\u00e9e A Quand j\u2019\u00e9tais \u00e0 l\u2019universit\u00e9, \/ je sortais souvent avec mes amis \/ pour partager et discuter \/ de nos vies amoureuses. \/ On se faisait confiance \/ et on se racontait tout, \/ m\u00eame les d\u00e9tails les &hellip; <a href=\"http:\/\/sd41blogs.ca\/romaina\/french-12-h-ap\/unite-1-les-familles-et-les-communautes\/dictees\/\">Continue reading <span class=\"meta-nav\">&rarr;<\/span><\/a><\/p>\n","protected":false},"author":103,"featured_media":0,"parent":17113,"menu_order":0,"comment_status":"closed","ping_status":"closed","template":"","meta":[],"_links":{"self":[{"href":"http:\/\/sd41blogs.ca\/romaina\/wp-json\/wp\/v2\/pages\/17115"}],"collection":[{"href":"http:\/\/sd41blogs.ca\/romaina\/wp-json\/wp\/v2\/pages"}],"about":[{"href":"http:\/\/sd41blogs.ca\/romaina\/wp-json\/wp\/v2\/types\/page"}],"author":[{"embeddable":true,"href":"http:\/\/sd41blogs.ca\/romaina\/wp-json\/wp\/v2\/users\/103"}],"replies":[{"embeddable":true,"href":"http:\/\/sd41blogs.ca\/romaina\/wp-json\/wp\/v2\/comments?post=17115"}],"version-history":[{"count":7,"href":"http:\/\/sd41blogs.ca\/romaina\/wp-json\/wp\/v2\/pages\/17115\/revisions"}],"predecessor-version":[{"id":17178,"href":"http:\/\/sd41blogs.ca\/romaina\/wp-json\/wp\/v2\/pages\/17115\/revisions\/17178"}],"up":[{"embeddable":true,"href":"http:\/\/sd41blogs.ca\/romaina\/wp-json\/wp\/v2\/pages\/17113"}],"wp:attachment":[{"href":"http:\/\/sd41blogs.ca\/romaina\/wp-json\/wp\/v2\/media?parent=17115"}],"curies":[{"name":"wp","href":"https:\/\/api.w.org\/{rel}","templated":true}]}}