{"id":167,"date":"2010-10-27T09:26:43","date_gmt":"2010-10-27T16:26:43","guid":{"rendered":"http:\/\/10.155.6.59\/romaina\/"},"modified":"2012-02-06T09:27:20","modified_gmt":"2012-02-06T17:27:20","slug":"unit-2-mosaique","status":"publish","type":"page","link":"http:\/\/sd41blogs.ca\/romaina\/french-8\/unit-2-mosaique\/","title":{"rendered":"Mosa\u00efque"},"content":{"rendered":"<p><a title=\"Assignments\" href=\"http:\/\/sd41blogs.ca\/romaina\/french-8\/unit-2-mosaique\/page-web-assignment\/\">Assignments<\/a><\/p>\n<p><a title=\"Dict\u00e9es\" href=\"http:\/\/sd41blogs.ca\/romaina\/french-8\/unit-2-mosaique\/dictees\/\">Mosa\u00efque Dict\u00e9es<\/a><\/p>\n<p><a title=\"Mosaique Review Package\" href=\"http:\/\/sd41blogs.ca\/romaina\/french-8\/unit-2-mosaique\/mosaique-review-package\/\">Mosa\u00efque Review Package<\/a><\/p>\n","protected":false},"excerpt":{"rendered":"<p>Assignments Mosa\u00efque Dict\u00e9es Mosa\u00efque Review Package<\/p>\n","protected":false},"author":103,"featured_media":0,"parent":12,"menu_order":1,"comment_status":"open","ping_status":"closed","template":"","meta":[],"_links":{"self":[{"href":"http:\/\/sd41blogs.ca\/romaina\/wp-json\/wp\/v2\/pages\/167"}],"collection":[{"href":"http:\/\/sd41blogs.ca\/romaina\/wp-json\/wp\/v2\/pages"}],"about":[{"href":"http:\/\/sd41blogs.ca\/romaina\/wp-json\/wp\/v2\/types\/page"}],"author":[{"embeddable":true,"href":"http:\/\/sd41blogs.ca\/romaina\/wp-json\/wp\/v2\/users\/103"}],"replies":[{"embeddable":true,"href":"http:\/\/sd41blogs.ca\/romaina\/wp-json\/wp\/v2\/comments?post=167"}],"version-history":[{"count":6,"href":"http:\/\/sd41blogs.ca\/romaina\/wp-json\/wp\/v2\/pages\/167\/revisions"}],"predecessor-version":[{"id":1487,"href":"http:\/\/sd41blogs.ca\/romaina\/wp-json\/wp\/v2\/pages\/167\/revisions\/1487"}],"up":[{"embeddable":true,"href":"http:\/\/sd41blogs.ca\/romaina\/wp-json\/wp\/v2\/pages\/12"}],"wp:attachment":[{"href":"http:\/\/sd41blogs.ca\/romaina\/wp-json\/wp\/v2\/media?parent=167"}],"curies":[{"name":"wp","href":"https:\/\/api.w.org\/{rel}","templated":true}]}}