{"id":157,"date":"2010-10-27T09:17:13","date_gmt":"2010-10-27T16:17:13","guid":{"rendered":"http:\/\/10.155.6.59\/romaina\/"},"modified":"2023-10-11T11:12:04","modified_gmt":"2023-10-11T18:12:04","slug":"criteria-sheet","status":"publish","type":"page","link":"http:\/\/sd41blogs.ca\/romaina\/french-8\/le-cas-mysterieux-de-monsieur-leblanc\/criteria-sheet\/","title":{"rendered":"Criteria Sheets"},"content":{"rendered":"<p><a href=\"http:\/\/sd41blogs.ca\/romaina\/files\/2021\/09\/CMML-Disparue-criteria-and-sample.pdf\">Disparu(e) &#8211; criteria and sample<\/a>\u00a0&amp;\u00a0<a href=\"http:\/\/sd41blogs.ca\/romaina\/files\/2021\/05\/CMML-Disparue-\u00e9valuation.pdf\">Disparu(e) &#8211; \u00e9valuation<\/a><\/p>\n<p><a href=\"http:\/\/sd41blogs.ca\/romaina\/files\/2023\/10\/CMML-Lesson-12-Arbre-Genealogique.docx\">Arbre G\u00e9n\u00e9alogique<\/a><\/p>\n<p><a href=\"http:\/\/sd41blogs.ca\/romaina\/files\/2010\/10\/CMML-T\u00e2che-Finale-script.pdf\">CMML T\u00e2che Finale script<\/a><a href=\"http:\/\/sd41blogs.ca\/romaina\/files\/2010\/10\/CMML-Lesson-12-Arbre-G\u00e9n\u00e9alogique.doc\"><br \/>\n<\/a><\/p>\n","protected":false},"excerpt":{"rendered":"<p>Disparu(e) &#8211; criteria and sample\u00a0&amp;\u00a0Disparu(e) &#8211; \u00e9valuation Arbre G\u00e9n\u00e9alogique CMML T\u00e2che Finale script<\/p>\n","protected":false},"author":103,"featured_media":0,"parent":108,"menu_order":0,"comment_status":"open","ping_status":"closed","template":"","meta":[],"_links":{"self":[{"href":"http:\/\/sd41blogs.ca\/romaina\/wp-json\/wp\/v2\/pages\/157"}],"collection":[{"href":"http:\/\/sd41blogs.ca\/romaina\/wp-json\/wp\/v2\/pages"}],"about":[{"href":"http:\/\/sd41blogs.ca\/romaina\/wp-json\/wp\/v2\/types\/page"}],"author":[{"embeddable":true,"href":"http:\/\/sd41blogs.ca\/romaina\/wp-json\/wp\/v2\/users\/103"}],"replies":[{"embeddable":true,"href":"http:\/\/sd41blogs.ca\/romaina\/wp-json\/wp\/v2\/comments?post=157"}],"version-history":[{"count":18,"href":"http:\/\/sd41blogs.ca\/romaina\/wp-json\/wp\/v2\/pages\/157\/revisions"}],"predecessor-version":[{"id":14562,"href":"http:\/\/sd41blogs.ca\/romaina\/wp-json\/wp\/v2\/pages\/157\/revisions\/14562"}],"up":[{"embeddable":true,"href":"http:\/\/sd41blogs.ca\/romaina\/wp-json\/wp\/v2\/pages\/108"}],"wp:attachment":[{"href":"http:\/\/sd41blogs.ca\/romaina\/wp-json\/wp\/v2\/media?parent=157"}],"curies":[{"name":"wp","href":"https:\/\/api.w.org\/{rel}","templated":true}]}}