{"id":11382,"date":"2021-01-18T14:11:43","date_gmt":"2021-01-18T22:11:43","guid":{"rendered":"http:\/\/sd41blogs.ca\/romaina\/?page_id=11382"},"modified":"2021-01-18T14:18:36","modified_gmt":"2021-01-18T22:18:36","slug":"les-verbes-reflechis","status":"publish","type":"page","link":"http:\/\/sd41blogs.ca\/romaina\/helpful-websites\/extra-practice-activities\/les-verbes-reflechis\/","title":{"rendered":"Les verbes r\u00e9fl\u00e9chis"},"content":{"rendered":"<p><a href=\"https:\/\/www.jerevise.fr\/wp-content\/uploads\/studio\/FRANCAIS\/CONJUGAISON\/accord-participe-passe\/Exercices-accord-verbes-pronominaux-participe-passe.pdf\">Les verbes r\u00e9fl\u00e9chis (pronominaux)<\/a><\/p>\n<p><a href=\"https:\/\/www.lepointdufle.net\/ressources_fle\/passe_compose1.htm\">Les verbes r\u00e9fl\u00e9chis (pronominaux) au pass\u00e9 compos\u00e9 1<\/a><\/p>\n<p><a href=\"https:\/\/lebaobabbleu.files.wordpress.com\/2013\/10\/exercices-passc3a9-composc3a9-verbes-pronominaux-et-nc3a9gation.pdf\">Les verbes r\u00e9fl\u00e9chis (pronominaux) au pass\u00e9 compos\u00e9 2<\/a><\/p>\n<p>&nbsp;<\/p>\n","protected":false},"excerpt":{"rendered":"<p>Les verbes r\u00e9fl\u00e9chis (pronominaux) Les verbes r\u00e9fl\u00e9chis (pronominaux) au pass\u00e9 compos\u00e9 1 Les verbes r\u00e9fl\u00e9chis (pronominaux) au pass\u00e9 compos\u00e9 2 &nbsp;<\/p>\n","protected":false},"author":103,"featured_media":0,"parent":392,"menu_order":0,"comment_status":"closed","ping_status":"closed","template":"","meta":[],"_links":{"self":[{"href":"http:\/\/sd41blogs.ca\/romaina\/wp-json\/wp\/v2\/pages\/11382"}],"collection":[{"href":"http:\/\/sd41blogs.ca\/romaina\/wp-json\/wp\/v2\/pages"}],"about":[{"href":"http:\/\/sd41blogs.ca\/romaina\/wp-json\/wp\/v2\/types\/page"}],"author":[{"embeddable":true,"href":"http:\/\/sd41blogs.ca\/romaina\/wp-json\/wp\/v2\/users\/103"}],"replies":[{"embeddable":true,"href":"http:\/\/sd41blogs.ca\/romaina\/wp-json\/wp\/v2\/comments?post=11382"}],"version-history":[{"count":4,"href":"http:\/\/sd41blogs.ca\/romaina\/wp-json\/wp\/v2\/pages\/11382\/revisions"}],"predecessor-version":[{"id":11386,"href":"http:\/\/sd41blogs.ca\/romaina\/wp-json\/wp\/v2\/pages\/11382\/revisions\/11386"}],"up":[{"embeddable":true,"href":"http:\/\/sd41blogs.ca\/romaina\/wp-json\/wp\/v2\/pages\/392"}],"wp:attachment":[{"href":"http:\/\/sd41blogs.ca\/romaina\/wp-json\/wp\/v2\/media?parent=11382"}],"curies":[{"name":"wp","href":"https:\/\/api.w.org\/{rel}","templated":true}]}}