{"id":11154,"date":"2020-11-25T14:00:52","date_gmt":"2020-11-25T22:00:52","guid":{"rendered":"http:\/\/sd41blogs.ca\/romaina\/?page_id=11154"},"modified":"2025-09-26T12:49:51","modified_gmt":"2025-09-26T19:49:51","slug":"pronouns-practice","status":"publish","type":"page","link":"http:\/\/sd41blogs.ca\/romaina\/french-11\/unite-0-preliminaire\/pronouns-practice\/","title":{"rendered":"Pronouns practice"},"content":{"rendered":"<p><a href=\"http:\/\/sd41blogs.ca\/romaina\/files\/2025\/09\/Les-Pronoms-Directs-Activites.pdf\">Les Pronoms Directs &#8211; Activit\u00e9s<\/a><\/p>\n<p><a href=\"http:\/\/sd41blogs.ca\/romaina\/files\/2025\/09\/Les-Pronoms-Directs-Activites-Reponses.pdf\">Les Pronoms Directs &#8211; Activit\u00e9s &#8211; R\u00e9ponses<\/a><\/p>\n<p><a href=\"http:\/\/sd41blogs.ca\/romaina\/files\/2020\/11\/Les-Pronoms-Indirects-\u2013-Activit\u00e9s.pdf\">Les Pronoms Indirects \u2013 Activit\u00e9s<\/a><\/p>\n<p><a href=\"http:\/\/sd41blogs.ca\/romaina\/files\/2020\/11\/Les-Pronoms-Indirects-\u2013-Activit\u00e9s-R\u00e9ponses.pdf\">Les Pronoms Indirects \u2013 Activit\u00e9s &#8211; R\u00e9ponses<\/a><\/p>\n","protected":false},"excerpt":{"rendered":"<p>Les Pronoms Directs &#8211; Activit\u00e9s Les Pronoms Directs &#8211; Activit\u00e9s &#8211; R\u00e9ponses Les Pronoms Indirects \u2013 Activit\u00e9s Les Pronoms Indirects \u2013 Activit\u00e9s &#8211; R\u00e9ponses<\/p>\n","protected":false},"author":103,"featured_media":0,"parent":2321,"menu_order":0,"comment_status":"closed","ping_status":"closed","template":"","meta":[],"_links":{"self":[{"href":"http:\/\/sd41blogs.ca\/romaina\/wp-json\/wp\/v2\/pages\/11154"}],"collection":[{"href":"http:\/\/sd41blogs.ca\/romaina\/wp-json\/wp\/v2\/pages"}],"about":[{"href":"http:\/\/sd41blogs.ca\/romaina\/wp-json\/wp\/v2\/types\/page"}],"author":[{"embeddable":true,"href":"http:\/\/sd41blogs.ca\/romaina\/wp-json\/wp\/v2\/users\/103"}],"replies":[{"embeddable":true,"href":"http:\/\/sd41blogs.ca\/romaina\/wp-json\/wp\/v2\/comments?post=11154"}],"version-history":[{"count":5,"href":"http:\/\/sd41blogs.ca\/romaina\/wp-json\/wp\/v2\/pages\/11154\/revisions"}],"predecessor-version":[{"id":17239,"href":"http:\/\/sd41blogs.ca\/romaina\/wp-json\/wp\/v2\/pages\/11154\/revisions\/17239"}],"up":[{"embeddable":true,"href":"http:\/\/sd41blogs.ca\/romaina\/wp-json\/wp\/v2\/pages\/2321"}],"wp:attachment":[{"href":"http:\/\/sd41blogs.ca\/romaina\/wp-json\/wp\/v2\/media?parent=11154"}],"curies":[{"name":"wp","href":"https:\/\/api.w.org\/{rel}","templated":true}]}}