{"id":108,"date":"2010-10-17T16:56:53","date_gmt":"2010-10-17T23:56:53","guid":{"rendered":"http:\/\/10.155.6.59\/romaina\/"},"modified":"2012-02-06T09:26:05","modified_gmt":"2012-02-06T17:26:05","slug":"le-cas-mysterieux-de-monsieur-leblanc","status":"publish","type":"page","link":"http:\/\/sd41blogs.ca\/romaina\/french-8\/le-cas-mysterieux-de-monsieur-leblanc\/","title":{"rendered":"Le Cas Myst\u00e9rieux de Monsieur LeBlanc"},"content":{"rendered":"<p><a title=\"Arbre G\u00e9n\u00e9alogique Criteria\" href=\"http:\/\/sd41blogs.ca\/romaina\/french-8\/le-cas-mysterieux-de-monsieur-leblanc\/arbre-genealogique-criteria\/\">Arbre G\u00e9n\u00e9alogique (Family Tree)<\/a><\/p>\n<p><a title=\"Dict\u00e9es\" href=\"http:\/\/sd41blogs.ca\/romaina\/french-8\/le-cas-mysterieux-de-monsieur-leblanc\/dictees\/\">Dict\u00e9es<\/a><\/p>\n<p><a title=\"Possible solutions for what happened to Monsieur LeBlanc\" href=\"http:\/\/sd41blogs.ca\/romaina\/french-8\/le-cas-mysterieux-de-monsieur-leblanc\/possible-solutions-for-what-happened-to-monsieur-leblanc\/\">Possible solutions for what happened to Monsieur Leblanc<\/a><\/p>\n<p><a title=\"Revision Activity\" href=\"http:\/\/sd41blogs.ca\/romaina\/french-8\/le-cas-mysterieux-de-monsieur-leblanc\/cmml-revision-activity\/\">Revision Activity<\/a><\/p>\n<p><a title=\"Worksheets\" href=\"http:\/\/sd41blogs.ca\/romaina\/french-8\/le-cas-mysterieux-de-monsieur-leblanc\/worksheets\/\">Worksheets<\/a><\/p>\n<p><a title=\"CMML Unit Presentation\" href=\"http:\/\/sd41blogs.ca\/romaina\/french-8\/le-cas-mysterieux-de-monsieur-leblanc\/cmml-unit-presentation\/\">Final Presentation Criteria<\/a><\/p>\n","protected":false},"excerpt":{"rendered":"<p>Arbre G\u00e9n\u00e9alogique (Family Tree) Dict\u00e9es Possible solutions for what happened to Monsieur Leblanc Revision Activity Worksheets Final Presentation Criteria<\/p>\n","protected":false},"author":103,"featured_media":0,"parent":12,"menu_order":0,"comment_status":"open","ping_status":"closed","template":"","meta":[],"_links":{"self":[{"href":"http:\/\/sd41blogs.ca\/romaina\/wp-json\/wp\/v2\/pages\/108"}],"collection":[{"href":"http:\/\/sd41blogs.ca\/romaina\/wp-json\/wp\/v2\/pages"}],"about":[{"href":"http:\/\/sd41blogs.ca\/romaina\/wp-json\/wp\/v2\/types\/page"}],"author":[{"embeddable":true,"href":"http:\/\/sd41blogs.ca\/romaina\/wp-json\/wp\/v2\/users\/103"}],"replies":[{"embeddable":true,"href":"http:\/\/sd41blogs.ca\/romaina\/wp-json\/wp\/v2\/comments?post=108"}],"version-history":[{"count":3,"href":"http:\/\/sd41blogs.ca\/romaina\/wp-json\/wp\/v2\/pages\/108\/revisions"}],"predecessor-version":[{"id":1485,"href":"http:\/\/sd41blogs.ca\/romaina\/wp-json\/wp\/v2\/pages\/108\/revisions\/1485"}],"up":[{"embeddable":true,"href":"http:\/\/sd41blogs.ca\/romaina\/wp-json\/wp\/v2\/pages\/12"}],"wp:attachment":[{"href":"http:\/\/sd41blogs.ca\/romaina\/wp-json\/wp\/v2\/media?parent=108"}],"curies":[{"name":"wp","href":"https:\/\/api.w.org\/{rel}","templated":true}]}}