{"id":55,"date":"2019-06-26T20:28:20","date_gmt":"2019-06-26T20:28:20","guid":{"rendered":"http:\/\/sd41blogs.ca\/dubep\/?page_id=55"},"modified":"2020-01-06T18:13:29","modified_gmt":"2020-01-06T18:13:29","slug":"schum-10","status":"publish","type":"page","link":"http:\/\/sd41blogs.ca\/dubep\/schum-10\/","title":{"rendered":"SCHUM 10"},"content":{"rendered":"<h2>6 janvier 2020<\/h2>\n<p>Voici le projet sur la justice sociale<\/p>\n<p><a href=\"http:\/\/sd41blogs.ca\/dubep\/files\/2020\/01\/8-Projet-mouvement-sociaux.docx\">8 Projet mouvement sociaux<\/a><\/p>\n<h2>&nbsp;<\/h2>\n<h2>16 d\u00e9cembre<\/h2>\n<p>Les concours:<\/p>\n<p><a href=\"https:\/\/www.acpi.ca\/concours\/immersion-clip\">https:\/\/www.acpi.ca\/concours\/immersion-clip<\/a><\/p>\n<p><a href=\"https:\/\/www.lesvoixdelapoesie.com\/poemes\">https:\/\/www.lesvoixdelapoesie.com\/poemes<\/a><\/p>\n<p><a href=\"https:\/\/bc-yk.cpf.ca\/actvities\/youth-activities\/concours-dart-oratoire\/\">https:\/\/bc-yk.cpf.ca\/actvities\/youth-activities\/concours-dart-oratoire\/<\/a><\/p>\n<p>&nbsp;<\/p>\n<h2>4 d\u00e9cembre 2019<\/h2>\n<p>Voici le projet d&#8217;enqu\u00eate sur la 2e Guerre mondiale<\/p>\n<p>&nbsp;<\/p>\n<p><a href=\"http:\/\/sd41blogs.ca\/dubep\/files\/2019\/12\/Projet-2e-GM.docx\">Projet 2e GM<\/a><\/p>\n<h2><strong>13 novembre 2019<\/strong><\/h2>\n<p><a href=\"http:\/\/sd41blogs.ca\/dubep\/files\/2019\/11\/Une-invention.docx\">Une invention<\/a><\/p>\n<h2><strong>18 septembre 2019<\/strong><\/h2>\n<p>Voici le travail pour le parti politique&#8230;<\/p>\n<p><a href=\"http:\/\/sd41blogs.ca\/dubep\/files\/2019\/09\/parti-pol.docx\">parti pol<\/a><\/p>\n<p>Pour te donner une id\u00e9e, va lire le site&nbsp;<a href=\"https:\/\/ici.radio-canada.ca\/info\/2019\/elections-federales\/comparateur-programmes-plateformes-partis-politiques-enjeux\/\">https:\/\/ici.radio-canada.ca\/info\/2019\/elections-federales\/comparateur-programmes-plateformes-partis-politiques-enjeux\/<\/a><\/p>\n<p>Tu vas voir les diff\u00e9rentes opinions des partis sur diverses questions.<\/p>\n<h2>9 SEPTEMBRE 2019<\/h2>\n<p>Aujourd&#8217;hui on a explor\u00e9 le concept de compas politique sur le site&nbsp;https:\/\/www.politicalcompass.org\/test<\/p>\n<p>Fais le test et ensuite r\u00e9ponds aux questions sur la feuille:<\/p>\n<p>Nom&nbsp;:<u>&nbsp;&nbsp;&nbsp;&nbsp;&nbsp;&nbsp;&nbsp;&nbsp;&nbsp;&nbsp;&nbsp;&nbsp;&nbsp;&nbsp;&nbsp;&nbsp;&nbsp;&nbsp;&nbsp;&nbsp;&nbsp;&nbsp;&nbsp;&nbsp;&nbsp;&nbsp;&nbsp;&nbsp;&nbsp;&nbsp;&nbsp;&nbsp;&nbsp;&nbsp;&nbsp;&nbsp;&nbsp;&nbsp;&nbsp;&nbsp;&nbsp;&nbsp;&nbsp;&nbsp;&nbsp;&nbsp;&nbsp;&nbsp;&nbsp;&nbsp;&nbsp;&nbsp; <\/u><\/p>\n<p>Date&nbsp;:<u>&nbsp;&nbsp;&nbsp;&nbsp;&nbsp;&nbsp;&nbsp;&nbsp;&nbsp;&nbsp;&nbsp;&nbsp;&nbsp;&nbsp;&nbsp;&nbsp;&nbsp;&nbsp;&nbsp;&nbsp;&nbsp;&nbsp;&nbsp;&nbsp;&nbsp;&nbsp;&nbsp;&nbsp;&nbsp;&nbsp;&nbsp;&nbsp;&nbsp;&nbsp;&nbsp;&nbsp;&nbsp;&nbsp;&nbsp;&nbsp;&nbsp;&nbsp;&nbsp;&nbsp;&nbsp;&nbsp;&nbsp;&nbsp;&nbsp;&nbsp;&nbsp;&nbsp; <\/u><\/p>\n<p>&nbsp;<\/p>\n<h1>L\u2019\u00e9chelle politique<\/h1>\n<p>&nbsp;<\/p>\n<ol>\n<li>\u00cates-vous d\u2019accord avec les r\u00e9sultats de votre questionnaire sur l\u2019\u00e9chelle politique? Expliquez pourquoi?<\/li>\n<\/ol>\n<p>&nbsp;<\/p>\n<ol start=\"2\">\n<li>D\u00e9terminez si un individu du Gauche ou du Droite sera d\u2019accord avec les \u00e9nonc\u00e9s suivants. Fournissez une courte explication pour chaque.<\/li>\n<\/ol>\n<p>&nbsp;<\/p>\n<p>&nbsp;<\/p>\n<ul>\n<li>Introduire la peine de mort pour des crimes violents<\/li>\n<li>Fournir plus de choix pour les soins de sant\u00e9<\/li>\n<li>Augmenter les imp\u00f4ts sur le revenu pour les individus qui surpassent 100 000,00$ par ann\u00e9e<\/li>\n<li>Supporter la l\u00e9gislation pour les couples de m\u00eame sexe<\/li>\n<li>\u00c9liminer les subventions pour les garderies pour les m\u00e8res seules \u00e0 la maison apr\u00e8s trois ans<\/li>\n<li>Renforcez les lois pour prot\u00e9ger l\u2019environnement<\/li>\n<li>Couper les imp\u00f4ts sur le revenu par 10 pourcent<\/li>\n<li>Encourager l\u2019appropriation de toutes les compagnies a\u00e9riennes par le gouvernement<\/li>\n<\/ul>\n<p>&nbsp;<\/p>\n<p>***Ceci est un travail \u00e9crit \u00e0 remettre \u00e0 l\u2019enseignant***<\/p>\n<p>&nbsp;<\/p>\n<p>Bienvenue dans la classe de Sciences Humaines 10 ! Bon semestre \u00e0 tous ! Clique sur ce lien pour voir le syllabus en anglais (pour tes parents, peut-\u00eatre&#8230;?)<\/p>\n<p><a href=\"http:\/\/sd41blogs.ca\/dubep\/files\/2019\/09\/SCHUM10_ENG.docx\">SCHUM10_ENG<\/a><\/p>\n","protected":false},"excerpt":{"rendered":"<p>6 janvier 2020 Voici le projet sur la justice sociale 8 Projet mouvement sociaux &nbsp; 16 d\u00e9cembre Les concours: https:\/\/www.acpi.ca\/concours\/immersion-clip https:\/\/www.lesvoixdelapoesie.com\/poemes https:\/\/bc-yk.cpf.ca\/actvities\/youth-activities\/concours-dart-oratoire\/ &nbsp; 4 d\u00e9cembre 2019 Voici le projet d&#8217;enqu\u00eate sur la 2e Guerre mondiale &nbsp; Projet 2e GM 13 novembre 2019 Une invention 18 septembre 2019 Voici le travail [&hellip;]<\/p>\n","protected":false},"author":8663,"featured_media":0,"parent":0,"menu_order":0,"comment_status":"closed","ping_status":"closed","template":"","meta":[],"_links":{"self":[{"href":"http:\/\/sd41blogs.ca\/dubep\/wp-json\/wp\/v2\/pages\/55"}],"collection":[{"href":"http:\/\/sd41blogs.ca\/dubep\/wp-json\/wp\/v2\/pages"}],"about":[{"href":"http:\/\/sd41blogs.ca\/dubep\/wp-json\/wp\/v2\/types\/page"}],"author":[{"embeddable":true,"href":"http:\/\/sd41blogs.ca\/dubep\/wp-json\/wp\/v2\/users\/8663"}],"replies":[{"embeddable":true,"href":"http:\/\/sd41blogs.ca\/dubep\/wp-json\/wp\/v2\/comments?post=55"}],"version-history":[{"count":11,"href":"http:\/\/sd41blogs.ca\/dubep\/wp-json\/wp\/v2\/pages\/55\/revisions"}],"predecessor-version":[{"id":111,"href":"http:\/\/sd41blogs.ca\/dubep\/wp-json\/wp\/v2\/pages\/55\/revisions\/111"}],"wp:attachment":[{"href":"http:\/\/sd41blogs.ca\/dubep\/wp-json\/wp\/v2\/media?parent=55"}],"curies":[{"name":"wp","href":"https:\/\/api.w.org\/{rel}","templated":true}]}}