{"id":115,"date":"2020-01-24T21:02:46","date_gmt":"2020-01-24T21:02:46","guid":{"rendered":"http:\/\/sd41blogs.ca\/dubep\/?page_id=115"},"modified":"2020-03-10T16:17:29","modified_gmt":"2020-03-10T16:17:29","slug":"langue-et-culture-11","status":"publish","type":"page","link":"http:\/\/sd41blogs.ca\/dubep\/langue-et-culture-11\/","title":{"rendered":"LANGUE ET CULTURE 11"},"content":{"rendered":"<h1>10 mars 2020<\/h1>\n<h3>Voici le projet vid\u00e9o de critique gastronomique<\/h3>\n<p><a href=\"http:\/\/sd41blogs.ca\/dubep\/files\/2020\/03\/Le-projet-de-critique-gastronomique_version_orale.docx\">Le projet de critique gastronomique_version_orale<\/a><\/p>\n<h2>27 f\u00e9vrier<\/h2>\n<h2>Voici le loooooooong projet sur le pays francophone<\/h2>\n<h2><a href=\"http:\/\/sd41blogs.ca\/dubep\/files\/2020\/02\/Pays-francophone.docx\">Pays francophone<\/a><\/h2>\n<h2>ALBUM\/\/SCRAPBOOK<\/h2>\n<p>Voici les \u00e9l\u00e9ments \u00e0 retrouver dans ton album \u00e0 la fin du trimestre:<\/p>\n<p>1- Les mots et expressions de la semaine, avec un exemple d&#8217;utilisation pour chacun. Ils peuvent \u00eatre utilis\u00e9s dans un petit paragraphe, un po\u00e8me, tout texte qui va me montrer ta compr\u00e9hension du mot ou de l&#8217;expression.<br \/>\n2- Les observations sur l&#8217;Enfant Mascara. \u00c7a peut \u00eatre l&#8217;explication du titre, une image que tu as particuli\u00e8rement aim\u00e9e et que tu veux expliquer, \u00e7a peut \u00eatre un r\u00e9sum\u00e9 du chapitre, des observations sur l&#8217;obsession de Larry pour Brandon, etc.<br \/>\n3- Des articles, des photos, des d\u00e9couvertes d&#8217;artistes, des endroits spectaculaires d&#8217;un pays de la Francophonie.<br \/>\n4- Tes textes d&#8217;\u00e9criture cr\u00e9ative (2-3 par trimestre)<\/p>\n<h2>&nbsp;<\/h2>\n<h2>10 f\u00e9vrier 2020<\/h2>\n<p>Voici un texte pour faire r\u00e9fl\u00e9chir sur la question de l&#8217;intol\u00e9rance&#8230;<\/p>\n<p><a href=\"https:\/\/www.lapresse.ca\/international\/afrique\/202002\/10\/01-5260286-mauritanie-huit-hommes-condamnes-a-2-ans-de-prison-pour-homosexualite.php\">https:\/\/www.lapresse.ca\/international\/afrique\/202002\/10\/01-5260286-mauritanie-huit-hommes-condamnes-a-2-ans-de-prison-pour-homosexualite.php<\/a><\/p>\n<p>Bienvenue \u00e0 tous!!<\/p>\n<p>&nbsp;<\/p>\n<p>Voici le syllabus pour toutes les belles choses qu&#8217;on va faire ce semestre&#8230;<\/p>\n<p><a href=\"http:\/\/sd41blogs.ca\/dubep\/files\/2020\/01\/Syllabus-FRAL11.docx\">Syllabus FRAL11<\/a><\/p>\n","protected":false},"excerpt":{"rendered":"<p>10 mars 2020 Voici le projet vid\u00e9o de critique gastronomique Le projet de critique gastronomique_version_orale 27 f\u00e9vrier Voici le loooooooong projet sur le pays francophone Pays francophone ALBUM\/\/SCRAPBOOK Voici les \u00e9l\u00e9ments \u00e0 retrouver dans ton album \u00e0 la fin du trimestre: 1- Les mots et expressions de la semaine, avec [&hellip;]<\/p>\n","protected":false},"author":8663,"featured_media":0,"parent":0,"menu_order":0,"comment_status":"closed","ping_status":"closed","template":"","meta":[],"_links":{"self":[{"href":"http:\/\/sd41blogs.ca\/dubep\/wp-json\/wp\/v2\/pages\/115"}],"collection":[{"href":"http:\/\/sd41blogs.ca\/dubep\/wp-json\/wp\/v2\/pages"}],"about":[{"href":"http:\/\/sd41blogs.ca\/dubep\/wp-json\/wp\/v2\/types\/page"}],"author":[{"embeddable":true,"href":"http:\/\/sd41blogs.ca\/dubep\/wp-json\/wp\/v2\/users\/8663"}],"replies":[{"embeddable":true,"href":"http:\/\/sd41blogs.ca\/dubep\/wp-json\/wp\/v2\/comments?post=115"}],"version-history":[{"count":7,"href":"http:\/\/sd41blogs.ca\/dubep\/wp-json\/wp\/v2\/pages\/115\/revisions"}],"predecessor-version":[{"id":138,"href":"http:\/\/sd41blogs.ca\/dubep\/wp-json\/wp\/v2\/pages\/115\/revisions\/138"}],"wp:attachment":[{"href":"http:\/\/sd41blogs.ca\/dubep\/wp-json\/wp\/v2\/media?parent=115"}],"curies":[{"name":"wp","href":"https:\/\/api.w.org\/{rel}","templated":true}]}}